{"id":1332,"date":"2023-11-08T16:31:00","date_gmt":"2023-11-08T16:31:00","guid":{"rendered":"https:\/\/conviso.ee\/team\/anti-kruutmann\/"},"modified":"2024-02-07T12:12:09","modified_gmt":"2024-02-07T12:12:09","slug":"anti-kruutmann","status":"publish","type":"page","link":"https:\/\/conviso.ee\/en\/team\/anti-kruutmann\/","title":{"rendered":"Anti Kruutmann"},"content":{"rendered":"\t\t<div data-elementor-type=\"wp-page\" data-elementor-id=\"1332\" class=\"elementor elementor-1332 elementor-463\" data-elementor-post-type=\"page\">\n\t\t\t\t\t\t<section class=\"elementor-section elementor-top-section elementor-element elementor-element-24b72fe2 elementor-section-full_width elementor-section-stretched elementor-section-height-default elementor-section-height-default\" data-id=\"24b72fe2\" data-element_type=\"section\" data-e-type=\"section\" data-settings=\"{&quot;stretch_section&quot;:&quot;section-stretched&quot;,&quot;background_background&quot;:&quot;classic&quot;}\">\n\t\t\t\t\t\t<div class=\"elementor-container elementor-column-gap-no\">\n\t\t\t\t\t<div class=\"elementor-column elementor-col-50 elementor-top-column elementor-element elementor-element-4a63af6\" data-id=\"4a63af6\" data-element_type=\"column\" data-e-type=\"column\">\n\t\t\t<div class=\"elementor-widget-wrap elementor-element-populated\">\n\t\t\t\t\t\t<div class=\"elementor-element elementor-element-313be58d elementor-widget elementor-widget-text-editor\" data-id=\"313be58d\" data-element_type=\"widget\" data-e-type=\"widget\" data-widget_type=\"text-editor.default\">\n\t\t\t\t<div class=\"elementor-widget-container\">\n\t\t\t\t\t\t\t\t\t<p>Anti Kruutmann<\/p>\n\t\t\t\t\t\t\t\t<\/div>\n\t\t\t\t<\/div>\n\t\t\t\t<div class=\"elementor-element elementor-element-4a1687f2 elementor-widget elementor-widget-spacer\" data-id=\"4a1687f2\" data-element_type=\"widget\" data-e-type=\"widget\" data-widget_type=\"spacer.default\">\n\t\t\t\t<div class=\"elementor-widget-container\">\n\t\t\t\t\t\t\t<div class=\"elementor-spacer\">\n\t\t\t<div class=\"elementor-spacer-inner\"><\/div>\n\t\t<\/div>\n\t\t\t\t\t\t<\/div>\n\t\t\t\t<\/div>\n\t\t\t\t\t<\/div>\n\t\t<\/div>\n\t\t\t\t<div class=\"elementor-column elementor-col-50 elementor-top-column elementor-element elementor-element-64cfd2c2\" data-id=\"64cfd2c2\" data-element_type=\"column\" data-e-type=\"column\">\n\t\t\t<div class=\"elementor-widget-wrap elementor-element-populated\">\n\t\t\t\t\t\t<div class=\"elementor-element elementor-element-451e6462 elementor-widget elementor-widget-spacer\" data-id=\"451e6462\" data-element_type=\"widget\" data-e-type=\"widget\" data-widget_type=\"spacer.default\">\n\t\t\t\t<div class=\"elementor-widget-container\">\n\t\t\t\t\t\t\t<div class=\"elementor-spacer\">\n\t\t\t<div class=\"elementor-spacer-inner\"><\/div>\n\t\t<\/div>\n\t\t\t\t\t\t<\/div>\n\t\t\t\t<\/div>\n\t\t\t\t\t<\/div>\n\t\t<\/div>\n\t\t\t\t\t<\/div>\n\t\t<\/section>\n\t\t\t\t<section class=\"elementor-section elementor-top-section elementor-element elementor-element-24fd41e7 elementor-section-stretched elementor-reverse-mobile elementor-section-boxed elementor-section-height-default elementor-section-height-default\" data-id=\"24fd41e7\" data-element_type=\"section\" data-e-type=\"section\" data-settings=\"{&quot;stretch_section&quot;:&quot;section-stretched&quot;}\">\n\t\t\t\t\t\t<div class=\"elementor-container elementor-column-gap-default\">\n\t\t\t\t\t<div class=\"elementor-column elementor-col-50 elementor-top-column elementor-element elementor-element-1bc8b8ea\" data-id=\"1bc8b8ea\" data-element_type=\"column\" data-e-type=\"column\">\n\t\t\t<div class=\"elementor-widget-wrap elementor-element-populated\">\n\t\t\t\t\t\t<section class=\"elementor-section elementor-inner-section elementor-element elementor-element-77611535 elementor-section-boxed elementor-section-height-default elementor-section-height-default\" data-id=\"77611535\" data-element_type=\"section\" data-e-type=\"section\" data-settings=\"{&quot;background_background&quot;:&quot;classic&quot;,&quot;sticky&quot;:&quot;top&quot;,&quot;sticky_offset&quot;:100,&quot;sticky_parent&quot;:&quot;yes&quot;,&quot;sticky_on&quot;:[&quot;desktop&quot;,&quot;tablet&quot;,&quot;mobile&quot;],&quot;sticky_effects_offset&quot;:0,&quot;sticky_anchor_link_offset&quot;:0}\">\n\t\t\t\t\t\t<div class=\"elementor-container elementor-column-gap-default\">\n\t\t\t\t\t<div class=\"elementor-column elementor-col-100 elementor-inner-column elementor-element elementor-element-50053ed0\" data-id=\"50053ed0\" data-element_type=\"column\" data-e-type=\"column\">\n\t\t\t<div class=\"elementor-widget-wrap elementor-element-populated\">\n\t\t\t\t\t\t<div class=\"elementor-element elementor-element-a111a2a elementor-nav-menu__align-start elementor-nav-menu--dropdown-tablet elementor-nav-menu__text-align-aside elementor-widget elementor-widget-global elementor-global-537 elementor-widget-nav-menu\" data-id=\"a111a2a\" data-element_type=\"widget\" data-e-type=\"widget\" data-settings=\"{&quot;layout&quot;:&quot;vertical&quot;,&quot;submenu_icon&quot;:{&quot;value&quot;:&quot;fas fa-caret-down&quot;,&quot;library&quot;:&quot;fa-solid&quot;}}\" data-widget_type=\"nav-menu.default\">\n\t\t\t\t<div class=\"elementor-widget-container\">\n\t\t\t\t\t\t\t\t<nav aria-label=\"Menu\" class=\"elementor-nav-menu--main elementor-nav-menu__container elementor-nav-menu--layout-vertical e--pointer-underline e--animation-drop-in\">\n\t\t\t\t<ul id=\"menu-1-a111a2a\" class=\"elementor-nav-menu sm-vertical\"><li class=\"menu-item menu-item-type-post_type menu-item-object-page menu-item-1343\"><a href=\"https:\/\/conviso.ee\/en\/team\/erki-laimets\/\" class=\"elementor-item\">Erki Laimets<\/a><\/li>\n<li class=\"menu-item menu-item-type-post_type menu-item-object-page menu-item-1348\"><a href=\"https:\/\/conviso.ee\/en\/team\/riho-oras\/\" class=\"elementor-item\">Riho Oras<\/a><\/li>\n<li class=\"menu-item menu-item-type-post_type menu-item-object-page menu-item-1347\"><a href=\"https:\/\/conviso.ee\/en\/team\/rauno-sanin\/\" class=\"elementor-item\">Rauno \u0160anin<\/a><\/li>\n<li class=\"menu-item menu-item-type-post_type menu-item-object-page menu-item-1345\"><a href=\"https:\/\/conviso.ee\/en\/team\/kaido-hanikat\/\" class=\"elementor-item\">Kaido Hanikat<\/a><\/li>\n<li class=\"menu-item menu-item-type-post_type menu-item-object-page menu-item-1344\"><a href=\"https:\/\/conviso.ee\/en\/team\/hillar-valgma\/\" class=\"elementor-item\">Hillar Valgma<\/a><\/li>\n<li class=\"menu-item menu-item-type-post_type menu-item-object-page menu-item-1346\"><a href=\"https:\/\/conviso.ee\/en\/team\/raimond-subatsjus\/\" class=\"elementor-item\">Raimond Subat\u0161jus<\/a><\/li>\n<li class=\"menu-item menu-item-type-post_type menu-item-object-page menu-item-1342\"><a href=\"https:\/\/conviso.ee\/en\/team\/anti-kruutmann\/\" class=\"elementor-item\">Anti Kruutmann<\/a><\/li>\n<\/ul>\t\t\t<\/nav>\n\t\t\t\t\t\t<nav class=\"elementor-nav-menu--dropdown elementor-nav-menu__container\" aria-hidden=\"true\">\n\t\t\t\t<ul id=\"menu-2-a111a2a\" class=\"elementor-nav-menu sm-vertical\"><li class=\"menu-item menu-item-type-post_type menu-item-object-page menu-item-1343\"><a href=\"https:\/\/conviso.ee\/en\/team\/erki-laimets\/\" class=\"elementor-item\" tabindex=\"-1\">Erki Laimets<\/a><\/li>\n<li class=\"menu-item menu-item-type-post_type menu-item-object-page menu-item-1348\"><a href=\"https:\/\/conviso.ee\/en\/team\/riho-oras\/\" class=\"elementor-item\" tabindex=\"-1\">Riho Oras<\/a><\/li>\n<li class=\"menu-item menu-item-type-post_type menu-item-object-page menu-item-1347\"><a href=\"https:\/\/conviso.ee\/en\/team\/rauno-sanin\/\" class=\"elementor-item\" tabindex=\"-1\">Rauno \u0160anin<\/a><\/li>\n<li class=\"menu-item menu-item-type-post_type menu-item-object-page menu-item-1345\"><a href=\"https:\/\/conviso.ee\/en\/team\/kaido-hanikat\/\" class=\"elementor-item\" tabindex=\"-1\">Kaido Hanikat<\/a><\/li>\n<li class=\"menu-item menu-item-type-post_type menu-item-object-page menu-item-1344\"><a href=\"https:\/\/conviso.ee\/en\/team\/hillar-valgma\/\" class=\"elementor-item\" tabindex=\"-1\">Hillar Valgma<\/a><\/li>\n<li class=\"menu-item menu-item-type-post_type menu-item-object-page menu-item-1346\"><a href=\"https:\/\/conviso.ee\/en\/team\/raimond-subatsjus\/\" class=\"elementor-item\" tabindex=\"-1\">Raimond Subat\u0161jus<\/a><\/li>\n<li class=\"menu-item menu-item-type-post_type menu-item-object-page menu-item-1342\"><a href=\"https:\/\/conviso.ee\/en\/team\/anti-kruutmann\/\" class=\"elementor-item\" tabindex=\"-1\">Anti Kruutmann<\/a><\/li>\n<\/ul>\t\t\t<\/nav>\n\t\t\t\t\t\t<\/div>\n\t\t\t\t<\/div>\n\t\t\t\t\t<\/div>\n\t\t<\/div>\n\t\t\t\t\t<\/div>\n\t\t<\/section>\n\t\t\t\t\t<\/div>\n\t\t<\/div>\n\t\t\t\t<div class=\"elementor-column elementor-col-50 elementor-top-column elementor-element elementor-element-45bfa68d\" data-id=\"45bfa68d\" data-element_type=\"column\" data-e-type=\"column\">\n\t\t\t<div class=\"elementor-widget-wrap elementor-element-populated\">\n\t\t\t\t\t\t<div class=\"elementor-element elementor-element-687dd613 elementor-widget elementor-widget-text-editor\" data-id=\"687dd613\" data-element_type=\"widget\" data-e-type=\"widget\" data-widget_type=\"text-editor.default\">\n\t\t\t\t<div class=\"elementor-widget-container\">\n\t\t\t\t\t\t\t\t\t<table class=\"table table-striped\"><tbody><tr><td><strong>E-mail<\/strong><\/td><td><a href=\"mailto:anti.kruutmann@conviso.ee\">anti.kruutmann@conviso.ee<\/a><\/td><\/tr><tr><td><strong>Mobile<\/strong><\/td><td><a href=\"tel:+37253959977\">+372 5395 9977<\/a><\/td><\/tr><tr><td><strong>Job title<\/strong><\/td><td>project manager<\/td><\/tr><tr><td><strong>Education<\/strong><\/td><td>TTK 2011, rakendusk\u00f5rgharidus, Hoonete ehituse eriala 4a \u00f5ppekava.<\/td><\/tr><tr><td><strong>Professional title<\/strong><\/td><td>Alates 2015 aastast omab kutset Diplomeeritud ehitusinsener, tase 7.<\/td><\/tr><tr><td><strong>Work experience<\/strong><\/td><td>Conviso O\u00dc-s t\u00f6\u00f6tab alates 2011 aastast.<\/td><\/tr><tr><td><strong>Professional associations<\/strong><\/td><td>Alates 2011 aastast Eesti Ehitusinseneride Liidu (EEL) liige.<\/td><\/tr><\/tbody><\/table>\t\t\t\t\t\t\t\t<\/div>\n\t\t\t\t<\/div>\n\t\t\t\t\t<\/div>\n\t\t<\/div>\n\t\t\t\t\t<\/div>\n\t\t<\/section>\n\t\t\t\t<\/div>\n\t\t","protected":false},"excerpt":{"rendered":"<p>Anti Kruutmann E-mail anti.kruutmann@conviso.ee Mobile +372 5395 9977 Job title project manager Education TTK 2011, rakendusk\u00f5rgharidus, Hoonete ehituse eriala 4a \u00f5ppekava. Professional title Alates 2015 aastast<span class=\"excerpt-hellip\"> [\u2026]<\/span><\/p>\n","protected":false},"author":1,"featured_media":0,"parent":1018,"menu_order":0,"comment_status":"closed","ping_status":"closed","template":"","meta":{"_monsterinsights_skip_tracking":false,"_monsterinsights_sitenote_active":false,"_monsterinsights_sitenote_note":"","_monsterinsights_sitenote_category":0,"footnotes":""},"class_list":["post-1332","page","type-page","status-publish","hentry"],"yoast_head":"<!-- This site is optimized with the Yoast SEO plugin v27.3 - https:\/\/yoast.com\/product\/yoast-seo-wordpress\/ -->\n<title>Anti Kruutmann - Conviso<\/title>\n<meta name=\"robots\" content=\"index, follow, max-snippet:-1, max-image-preview:large, max-video-preview:-1\" \/>\n<link rel=\"canonical\" href=\"https:\/\/conviso.ee\/meeskond\/anti-kruutmann\/\" \/>\n<meta property=\"og:locale\" content=\"en_US\" \/>\n<meta property=\"og:type\" content=\"article\" \/>\n<meta property=\"og:title\" content=\"Anti Kruutmann - Conviso\" \/>\n<meta property=\"og:description\" content=\"Anti Kruutmann E-mail anti.kruutmann@conviso.ee Mobile +372 5395 9977 Job title project manager Education TTK 2011, rakendusk\u00f5rgharidus, Hoonete ehituse eriala 4a \u00f5ppekava. Professional title Alates 2015 aastast [\u2026]\" \/>\n<meta property=\"og:url\" content=\"https:\/\/conviso.ee\/meeskond\/anti-kruutmann\/\" \/>\n<meta property=\"og:site_name\" content=\"Conviso\" \/>\n<meta property=\"article:modified_time\" content=\"2024-02-07T12:12:09+00:00\" \/>\n<meta name=\"twitter:card\" content=\"summary_large_image\" \/>\n<meta name=\"twitter:label1\" content=\"Est. reading time\" \/>\n\t<meta name=\"twitter:data1\" content=\"1 minute\" \/>\n<script type=\"application\/ld+json\" class=\"yoast-schema-graph\">{\"@context\":\"https:\\\/\\\/schema.org\",\"@graph\":[{\"@type\":\"WebPage\",\"@id\":\"https:\\\/\\\/conviso.ee\\\/meeskond\\\/anti-kruutmann\\\/\",\"url\":\"https:\\\/\\\/conviso.ee\\\/meeskond\\\/anti-kruutmann\\\/\",\"name\":\"Anti Kruutmann - Conviso\",\"isPartOf\":{\"@id\":\"https:\\\/\\\/conviso.ee\\\/#website\"},\"datePublished\":\"2023-11-08T16:31:00+00:00\",\"dateModified\":\"2024-02-07T12:12:09+00:00\",\"breadcrumb\":{\"@id\":\"https:\\\/\\\/conviso.ee\\\/meeskond\\\/anti-kruutmann\\\/#breadcrumb\"},\"inLanguage\":\"en-US\",\"potentialAction\":[{\"@type\":\"ReadAction\",\"target\":[\"https:\\\/\\\/conviso.ee\\\/meeskond\\\/anti-kruutmann\\\/\"]}]},{\"@type\":\"BreadcrumbList\",\"@id\":\"https:\\\/\\\/conviso.ee\\\/meeskond\\\/anti-kruutmann\\\/#breadcrumb\",\"itemListElement\":[{\"@type\":\"ListItem\",\"position\":1,\"name\":\"Home\",\"item\":\"https:\\\/\\\/conviso.ee\\\/conviso\\\/\"},{\"@type\":\"ListItem\",\"position\":2,\"name\":\"Team\",\"item\":\"https:\\\/\\\/conviso.ee\\\/meeskond\\\/\"},{\"@type\":\"ListItem\",\"position\":3,\"name\":\"Anti Kruutmann\"}]},{\"@type\":\"WebSite\",\"@id\":\"https:\\\/\\\/conviso.ee\\\/#website\",\"url\":\"https:\\\/\\\/conviso.ee\\\/\",\"name\":\"Conviso.ee\",\"description\":\"Omanikuj\u00e4relvalve ja ehituse projektijuhtimine\",\"publisher\":{\"@id\":\"https:\\\/\\\/conviso.ee\\\/#organization\"},\"potentialAction\":[{\"@type\":\"SearchAction\",\"target\":{\"@type\":\"EntryPoint\",\"urlTemplate\":\"https:\\\/\\\/conviso.ee\\\/?s={search_term_string}\"},\"query-input\":{\"@type\":\"PropertyValueSpecification\",\"valueRequired\":true,\"valueName\":\"search_term_string\"}}],\"inLanguage\":\"en-US\"},{\"@type\":\"Organization\",\"@id\":\"https:\\\/\\\/conviso.ee\\\/#organization\",\"name\":\"Conviso\",\"url\":\"https:\\\/\\\/conviso.ee\\\/\",\"logo\":{\"@type\":\"ImageObject\",\"inLanguage\":\"en-US\",\"@id\":\"https:\\\/\\\/conviso.ee\\\/#\\\/schema\\\/logo\\\/image\\\/\",\"url\":\"https:\\\/\\\/conviso.ee\\\/wp-content\\\/uploads\\\/2024\\\/01\\\/logo-removebg-preview.png\",\"contentUrl\":\"https:\\\/\\\/conviso.ee\\\/wp-content\\\/uploads\\\/2024\\\/01\\\/logo-removebg-preview.png\",\"width\":160,\"height\":50,\"caption\":\"Conviso\"},\"image\":{\"@id\":\"https:\\\/\\\/conviso.ee\\\/#\\\/schema\\\/logo\\\/image\\\/\"}}]}<\/script>\n<!-- \/ Yoast SEO plugin. -->","yoast_head_json":{"title":"Anti Kruutmann - Conviso","robots":{"index":"index","follow":"follow","max-snippet":"max-snippet:-1","max-image-preview":"max-image-preview:large","max-video-preview":"max-video-preview:-1"},"canonical":"https:\/\/conviso.ee\/meeskond\/anti-kruutmann\/","og_locale":"en_US","og_type":"article","og_title":"Anti Kruutmann - Conviso","og_description":"Anti Kruutmann E-mail anti.kruutmann@conviso.ee Mobile +372 5395 9977 Job title project manager Education TTK 2011, rakendusk\u00f5rgharidus, Hoonete ehituse eriala 4a \u00f5ppekava. Professional title Alates 2015 aastast [\u2026]","og_url":"https:\/\/conviso.ee\/meeskond\/anti-kruutmann\/","og_site_name":"Conviso","article_modified_time":"2024-02-07T12:12:09+00:00","twitter_card":"summary_large_image","twitter_misc":{"Est. reading time":"1 minute"},"schema":{"@context":"https:\/\/schema.org","@graph":[{"@type":"WebPage","@id":"https:\/\/conviso.ee\/meeskond\/anti-kruutmann\/","url":"https:\/\/conviso.ee\/meeskond\/anti-kruutmann\/","name":"Anti Kruutmann - Conviso","isPartOf":{"@id":"https:\/\/conviso.ee\/#website"},"datePublished":"2023-11-08T16:31:00+00:00","dateModified":"2024-02-07T12:12:09+00:00","breadcrumb":{"@id":"https:\/\/conviso.ee\/meeskond\/anti-kruutmann\/#breadcrumb"},"inLanguage":"en-US","potentialAction":[{"@type":"ReadAction","target":["https:\/\/conviso.ee\/meeskond\/anti-kruutmann\/"]}]},{"@type":"BreadcrumbList","@id":"https:\/\/conviso.ee\/meeskond\/anti-kruutmann\/#breadcrumb","itemListElement":[{"@type":"ListItem","position":1,"name":"Home","item":"https:\/\/conviso.ee\/conviso\/"},{"@type":"ListItem","position":2,"name":"Team","item":"https:\/\/conviso.ee\/meeskond\/"},{"@type":"ListItem","position":3,"name":"Anti Kruutmann"}]},{"@type":"WebSite","@id":"https:\/\/conviso.ee\/#website","url":"https:\/\/conviso.ee\/","name":"Conviso.ee","description":"Omanikuj\u00e4relvalve ja ehituse projektijuhtimine","publisher":{"@id":"https:\/\/conviso.ee\/#organization"},"potentialAction":[{"@type":"SearchAction","target":{"@type":"EntryPoint","urlTemplate":"https:\/\/conviso.ee\/?s={search_term_string}"},"query-input":{"@type":"PropertyValueSpecification","valueRequired":true,"valueName":"search_term_string"}}],"inLanguage":"en-US"},{"@type":"Organization","@id":"https:\/\/conviso.ee\/#organization","name":"Conviso","url":"https:\/\/conviso.ee\/","logo":{"@type":"ImageObject","inLanguage":"en-US","@id":"https:\/\/conviso.ee\/#\/schema\/logo\/image\/","url":"https:\/\/conviso.ee\/wp-content\/uploads\/2024\/01\/logo-removebg-preview.png","contentUrl":"https:\/\/conviso.ee\/wp-content\/uploads\/2024\/01\/logo-removebg-preview.png","width":160,"height":50,"caption":"Conviso"},"image":{"@id":"https:\/\/conviso.ee\/#\/schema\/logo\/image\/"}}]}},"_links":{"self":[{"href":"https:\/\/conviso.ee\/en\/wp-json\/wp\/v2\/pages\/1332","targetHints":{"allow":["GET"]}}],"collection":[{"href":"https:\/\/conviso.ee\/en\/wp-json\/wp\/v2\/pages"}],"about":[{"href":"https:\/\/conviso.ee\/en\/wp-json\/wp\/v2\/types\/page"}],"author":[{"embeddable":true,"href":"https:\/\/conviso.ee\/en\/wp-json\/wp\/v2\/users\/1"}],"replies":[{"embeddable":true,"href":"https:\/\/conviso.ee\/en\/wp-json\/wp\/v2\/comments?post=1332"}],"version-history":[{"count":10,"href":"https:\/\/conviso.ee\/en\/wp-json\/wp\/v2\/pages\/1332\/revisions"}],"predecessor-version":[{"id":1555,"href":"https:\/\/conviso.ee\/en\/wp-json\/wp\/v2\/pages\/1332\/revisions\/1555"}],"up":[{"embeddable":true,"href":"https:\/\/conviso.ee\/en\/wp-json\/wp\/v2\/pages\/1018"}],"wp:attachment":[{"href":"https:\/\/conviso.ee\/en\/wp-json\/wp\/v2\/media?parent=1332"}],"curies":[{"name":"wp","href":"https:\/\/api.w.org\/{rel}","templated":true}]}}