{"id":1330,"date":"2023-11-08T16:26:18","date_gmt":"2023-11-08T16:26:18","guid":{"rendered":"https:\/\/conviso.ee\/team\/hillar-valgma\/"},"modified":"2024-02-07T11:58:44","modified_gmt":"2024-02-07T11:58:44","slug":"hillar-valgma","status":"publish","type":"page","link":"https:\/\/conviso.ee\/en\/team\/hillar-valgma\/","title":{"rendered":"Hillar Valgma"},"content":{"rendered":"\t\t<div data-elementor-type=\"wp-page\" data-elementor-id=\"1330\" class=\"elementor elementor-1330 elementor-446\" data-elementor-post-type=\"page\">\n\t\t\t\t\t\t<section class=\"elementor-section elementor-top-section elementor-element elementor-element-476507a1 elementor-section-full_width elementor-section-stretched elementor-section-height-default elementor-section-height-default\" data-id=\"476507a1\" data-element_type=\"section\" data-e-type=\"section\" data-settings=\"{&quot;stretch_section&quot;:&quot;section-stretched&quot;,&quot;background_background&quot;:&quot;classic&quot;}\">\n\t\t\t\t\t\t<div class=\"elementor-container elementor-column-gap-no\">\n\t\t\t\t\t<div class=\"elementor-column elementor-col-50 elementor-top-column elementor-element elementor-element-3856ed0e\" data-id=\"3856ed0e\" data-element_type=\"column\" data-e-type=\"column\">\n\t\t\t<div class=\"elementor-widget-wrap elementor-element-populated\">\n\t\t\t\t\t\t<div class=\"elementor-element elementor-element-7dda3020 elementor-widget elementor-widget-text-editor\" data-id=\"7dda3020\" data-element_type=\"widget\" data-e-type=\"widget\" data-widget_type=\"text-editor.default\">\n\t\t\t\t<div class=\"elementor-widget-container\">\n\t\t\t\t\t\t\t\t\t<p>Hillar Valgma<\/p>\n\t\t\t\t\t\t\t\t<\/div>\n\t\t\t\t<\/div>\n\t\t\t\t<div class=\"elementor-element elementor-element-2b71173 elementor-widget elementor-widget-spacer\" data-id=\"2b71173\" data-element_type=\"widget\" data-e-type=\"widget\" data-widget_type=\"spacer.default\">\n\t\t\t\t<div class=\"elementor-widget-container\">\n\t\t\t\t\t\t\t<div class=\"elementor-spacer\">\n\t\t\t<div class=\"elementor-spacer-inner\"><\/div>\n\t\t<\/div>\n\t\t\t\t\t\t<\/div>\n\t\t\t\t<\/div>\n\t\t\t\t\t<\/div>\n\t\t<\/div>\n\t\t\t\t<div class=\"elementor-column elementor-col-50 elementor-top-column elementor-element elementor-element-795ebd3b\" data-id=\"795ebd3b\" data-element_type=\"column\" data-e-type=\"column\">\n\t\t\t<div class=\"elementor-widget-wrap elementor-element-populated\">\n\t\t\t\t\t\t<div class=\"elementor-element elementor-element-1875ec13 elementor-widget elementor-widget-spacer\" data-id=\"1875ec13\" data-element_type=\"widget\" data-e-type=\"widget\" data-widget_type=\"spacer.default\">\n\t\t\t\t<div class=\"elementor-widget-container\">\n\t\t\t\t\t\t\t<div class=\"elementor-spacer\">\n\t\t\t<div class=\"elementor-spacer-inner\"><\/div>\n\t\t<\/div>\n\t\t\t\t\t\t<\/div>\n\t\t\t\t<\/div>\n\t\t\t\t\t<\/div>\n\t\t<\/div>\n\t\t\t\t\t<\/div>\n\t\t<\/section>\n\t\t\t\t<section class=\"elementor-section elementor-top-section elementor-element elementor-element-53796649 elementor-section-stretched elementor-reverse-mobile elementor-section-boxed elementor-section-height-default elementor-section-height-default\" data-id=\"53796649\" data-element_type=\"section\" data-e-type=\"section\" data-settings=\"{&quot;stretch_section&quot;:&quot;section-stretched&quot;}\">\n\t\t\t\t\t\t<div class=\"elementor-container elementor-column-gap-default\">\n\t\t\t\t\t<div class=\"elementor-column elementor-col-50 elementor-top-column elementor-element elementor-element-28b14c9f\" data-id=\"28b14c9f\" data-element_type=\"column\" data-e-type=\"column\">\n\t\t\t<div class=\"elementor-widget-wrap elementor-element-populated\">\n\t\t\t\t\t\t<section class=\"elementor-section elementor-inner-section elementor-element elementor-element-65ca945c elementor-section-boxed elementor-section-height-default elementor-section-height-default\" data-id=\"65ca945c\" data-element_type=\"section\" data-e-type=\"section\" data-settings=\"{&quot;background_background&quot;:&quot;classic&quot;,&quot;sticky&quot;:&quot;top&quot;,&quot;sticky_offset&quot;:100,&quot;sticky_parent&quot;:&quot;yes&quot;,&quot;sticky_on&quot;:[&quot;desktop&quot;,&quot;tablet&quot;,&quot;mobile&quot;],&quot;sticky_effects_offset&quot;:0,&quot;sticky_anchor_link_offset&quot;:0}\">\n\t\t\t\t\t\t<div class=\"elementor-container elementor-column-gap-default\">\n\t\t\t\t\t<div class=\"elementor-column elementor-col-100 elementor-inner-column elementor-element elementor-element-2de5c3bb\" data-id=\"2de5c3bb\" data-element_type=\"column\" data-e-type=\"column\">\n\t\t\t<div class=\"elementor-widget-wrap elementor-element-populated\">\n\t\t\t\t\t\t<div class=\"elementor-element elementor-element-f512f13 elementor-nav-menu__align-start elementor-nav-menu--dropdown-tablet elementor-nav-menu__text-align-aside elementor-widget elementor-widget-global elementor-global-537 elementor-widget-nav-menu\" data-id=\"f512f13\" data-element_type=\"widget\" data-e-type=\"widget\" data-settings=\"{&quot;layout&quot;:&quot;vertical&quot;,&quot;submenu_icon&quot;:{&quot;value&quot;:&quot;fas fa-caret-down&quot;,&quot;library&quot;:&quot;fa-solid&quot;}}\" data-widget_type=\"nav-menu.default\">\n\t\t\t\t<div class=\"elementor-widget-container\">\n\t\t\t\t\t\t\t\t<nav aria-label=\"Menu\" class=\"elementor-nav-menu--main elementor-nav-menu__container elementor-nav-menu--layout-vertical e--pointer-underline e--animation-drop-in\">\n\t\t\t\t<ul id=\"menu-1-f512f13\" class=\"elementor-nav-menu sm-vertical\"><li class=\"menu-item menu-item-type-post_type menu-item-object-page menu-item-1343\"><a href=\"https:\/\/conviso.ee\/en\/team\/erki-laimets\/\" class=\"elementor-item\">Erki Laimets<\/a><\/li>\n<li class=\"menu-item menu-item-type-post_type menu-item-object-page menu-item-1348\"><a href=\"https:\/\/conviso.ee\/en\/team\/riho-oras\/\" class=\"elementor-item\">Riho Oras<\/a><\/li>\n<li class=\"menu-item menu-item-type-post_type menu-item-object-page menu-item-1347\"><a href=\"https:\/\/conviso.ee\/en\/team\/rauno-sanin\/\" class=\"elementor-item\">Rauno \u0160anin<\/a><\/li>\n<li class=\"menu-item menu-item-type-post_type menu-item-object-page menu-item-1345\"><a href=\"https:\/\/conviso.ee\/en\/team\/kaido-hanikat\/\" class=\"elementor-item\">Kaido Hanikat<\/a><\/li>\n<li class=\"menu-item menu-item-type-post_type menu-item-object-page menu-item-1344\"><a href=\"https:\/\/conviso.ee\/en\/team\/hillar-valgma\/\" class=\"elementor-item\">Hillar Valgma<\/a><\/li>\n<li class=\"menu-item menu-item-type-post_type menu-item-object-page menu-item-1346\"><a href=\"https:\/\/conviso.ee\/en\/team\/raimond-subatsjus\/\" class=\"elementor-item\">Raimond Subat\u0161jus<\/a><\/li>\n<li class=\"menu-item menu-item-type-post_type menu-item-object-page menu-item-1342\"><a href=\"https:\/\/conviso.ee\/en\/team\/anti-kruutmann\/\" class=\"elementor-item\">Anti Kruutmann<\/a><\/li>\n<\/ul>\t\t\t<\/nav>\n\t\t\t\t\t\t<nav class=\"elementor-nav-menu--dropdown elementor-nav-menu__container\" aria-hidden=\"true\">\n\t\t\t\t<ul id=\"menu-2-f512f13\" class=\"elementor-nav-menu sm-vertical\"><li class=\"menu-item menu-item-type-post_type menu-item-object-page menu-item-1343\"><a href=\"https:\/\/conviso.ee\/en\/team\/erki-laimets\/\" class=\"elementor-item\" tabindex=\"-1\">Erki Laimets<\/a><\/li>\n<li class=\"menu-item menu-item-type-post_type menu-item-object-page menu-item-1348\"><a href=\"https:\/\/conviso.ee\/en\/team\/riho-oras\/\" class=\"elementor-item\" tabindex=\"-1\">Riho Oras<\/a><\/li>\n<li class=\"menu-item menu-item-type-post_type menu-item-object-page menu-item-1347\"><a href=\"https:\/\/conviso.ee\/en\/team\/rauno-sanin\/\" class=\"elementor-item\" tabindex=\"-1\">Rauno \u0160anin<\/a><\/li>\n<li class=\"menu-item menu-item-type-post_type menu-item-object-page menu-item-1345\"><a href=\"https:\/\/conviso.ee\/en\/team\/kaido-hanikat\/\" class=\"elementor-item\" tabindex=\"-1\">Kaido Hanikat<\/a><\/li>\n<li class=\"menu-item menu-item-type-post_type menu-item-object-page menu-item-1344\"><a href=\"https:\/\/conviso.ee\/en\/team\/hillar-valgma\/\" class=\"elementor-item\" tabindex=\"-1\">Hillar Valgma<\/a><\/li>\n<li class=\"menu-item menu-item-type-post_type menu-item-object-page menu-item-1346\"><a href=\"https:\/\/conviso.ee\/en\/team\/raimond-subatsjus\/\" class=\"elementor-item\" tabindex=\"-1\">Raimond Subat\u0161jus<\/a><\/li>\n<li class=\"menu-item menu-item-type-post_type menu-item-object-page menu-item-1342\"><a href=\"https:\/\/conviso.ee\/en\/team\/anti-kruutmann\/\" class=\"elementor-item\" tabindex=\"-1\">Anti Kruutmann<\/a><\/li>\n<\/ul>\t\t\t<\/nav>\n\t\t\t\t\t\t<\/div>\n\t\t\t\t<\/div>\n\t\t\t\t\t<\/div>\n\t\t<\/div>\n\t\t\t\t\t<\/div>\n\t\t<\/section>\n\t\t\t\t\t<\/div>\n\t\t<\/div>\n\t\t\t\t<div class=\"elementor-column elementor-col-50 elementor-top-column elementor-element elementor-element-63fe272\" data-id=\"63fe272\" data-element_type=\"column\" data-e-type=\"column\">\n\t\t\t<div class=\"elementor-widget-wrap elementor-element-populated\">\n\t\t\t\t\t\t<div class=\"elementor-element elementor-element-776daa12 elementor-widget elementor-widget-text-editor\" data-id=\"776daa12\" data-element_type=\"widget\" data-e-type=\"widget\" data-widget_type=\"text-editor.default\">\n\t\t\t\t<div class=\"elementor-widget-container\">\n\t\t\t\t\t\t\t\t\t<table class=\"table table-striped\"><tbody><tr><td><strong>E-mail<\/strong><\/td><td><a href=\"mailto:hillar.valgma(at)conviso.ee\">hillar.valgma(at)conviso.ee<\/a><\/td><\/tr><tr><td><strong>Mobile<\/strong><\/td><td><a href=\"tel:+37256672144\">+372 5667 2144<\/a><\/td><\/tr><tr><td><strong>Job title<\/strong><\/td><td>project manager assistance<\/td><\/tr><tr><td><strong>Education<\/strong><\/td><td>TT\u00dc 1997-2002, l\u00f5petamata, omandatud 120 AP 160-st.<br \/>Ehitustehnika eriala 4a \u00f5ppekava.<\/td><\/tr><tr><td><strong>Work experience<\/strong><\/td><td>Aastatel 2000 \u2013 2006 t\u00f6\u00f6tanud mitmetes ehitusettev\u00f5tetes objektiinsenerina ja objektijuhina.<br \/>Conviso O\u00dc-s t\u00f6\u00f6tab alates 2007 aastast.<\/td><\/tr><\/tbody><\/table>\t\t\t\t\t\t\t\t<\/div>\n\t\t\t\t<\/div>\n\t\t\t\t\t<\/div>\n\t\t<\/div>\n\t\t\t\t\t<\/div>\n\t\t<\/section>\n\t\t\t\t<\/div>\n\t\t","protected":false},"excerpt":{"rendered":"<p>Hillar Valgma E-mail hillar.valgma(at)conviso.ee Mobile +372 5667 2144 Job title project manager assistance Education TT\u00dc 1997-2002, l\u00f5petamata, omandatud 120 AP 160-st.Ehitustehnika eriala 4a \u00f5ppekava. Work experience<span class=\"excerpt-hellip\"> [\u2026]<\/span><\/p>\n","protected":false},"author":1,"featured_media":0,"parent":1018,"menu_order":0,"comment_status":"closed","ping_status":"closed","template":"","meta":{"_monsterinsights_skip_tracking":false,"_monsterinsights_sitenote_active":false,"_monsterinsights_sitenote_note":"","_monsterinsights_sitenote_category":0,"footnotes":""},"class_list":["post-1330","page","type-page","status-publish","hentry"],"yoast_head":"<!-- This site is optimized with the Yoast SEO plugin v27.3 - https:\/\/yoast.com\/product\/yoast-seo-wordpress\/ -->\n<title>Hillar Valgma - Conviso<\/title>\n<meta name=\"robots\" content=\"index, follow, max-snippet:-1, max-image-preview:large, max-video-preview:-1\" \/>\n<link rel=\"canonical\" href=\"https:\/\/conviso.ee\/meeskond\/hillar-valgma\/\" \/>\n<meta property=\"og:locale\" content=\"en_US\" \/>\n<meta property=\"og:type\" content=\"article\" \/>\n<meta property=\"og:title\" content=\"Hillar Valgma - Conviso\" \/>\n<meta property=\"og:description\" content=\"Hillar Valgma E-mail hillar.valgma(at)conviso.ee Mobile +372 5667 2144 Job title project manager assistance Education TT\u00dc 1997-2002, l\u00f5petamata, omandatud 120 AP 160-st.Ehitustehnika eriala 4a \u00f5ppekava. Work experience [\u2026]\" \/>\n<meta property=\"og:url\" content=\"https:\/\/conviso.ee\/meeskond\/hillar-valgma\/\" \/>\n<meta property=\"og:site_name\" content=\"Conviso\" \/>\n<meta property=\"article:modified_time\" content=\"2024-02-07T11:58:44+00:00\" \/>\n<meta name=\"twitter:card\" content=\"summary_large_image\" \/>\n<meta name=\"twitter:label1\" content=\"Est. reading time\" \/>\n\t<meta name=\"twitter:data1\" content=\"1 minute\" \/>\n<script type=\"application\/ld+json\" class=\"yoast-schema-graph\">{\"@context\":\"https:\\\/\\\/schema.org\",\"@graph\":[{\"@type\":\"WebPage\",\"@id\":\"https:\\\/\\\/conviso.ee\\\/meeskond\\\/hillar-valgma\\\/\",\"url\":\"https:\\\/\\\/conviso.ee\\\/meeskond\\\/hillar-valgma\\\/\",\"name\":\"Hillar Valgma - Conviso\",\"isPartOf\":{\"@id\":\"https:\\\/\\\/conviso.ee\\\/#website\"},\"datePublished\":\"2023-11-08T16:26:18+00:00\",\"dateModified\":\"2024-02-07T11:58:44+00:00\",\"breadcrumb\":{\"@id\":\"https:\\\/\\\/conviso.ee\\\/meeskond\\\/hillar-valgma\\\/#breadcrumb\"},\"inLanguage\":\"en-US\",\"potentialAction\":[{\"@type\":\"ReadAction\",\"target\":[\"https:\\\/\\\/conviso.ee\\\/meeskond\\\/hillar-valgma\\\/\"]}]},{\"@type\":\"BreadcrumbList\",\"@id\":\"https:\\\/\\\/conviso.ee\\\/meeskond\\\/hillar-valgma\\\/#breadcrumb\",\"itemListElement\":[{\"@type\":\"ListItem\",\"position\":1,\"name\":\"Home\",\"item\":\"https:\\\/\\\/conviso.ee\\\/conviso\\\/\"},{\"@type\":\"ListItem\",\"position\":2,\"name\":\"Team\",\"item\":\"https:\\\/\\\/conviso.ee\\\/meeskond\\\/\"},{\"@type\":\"ListItem\",\"position\":3,\"name\":\"Hillar Valgma\"}]},{\"@type\":\"WebSite\",\"@id\":\"https:\\\/\\\/conviso.ee\\\/#website\",\"url\":\"https:\\\/\\\/conviso.ee\\\/\",\"name\":\"Conviso.ee\",\"description\":\"Omanikuj\u00e4relvalve ja ehituse projektijuhtimine\",\"publisher\":{\"@id\":\"https:\\\/\\\/conviso.ee\\\/#organization\"},\"potentialAction\":[{\"@type\":\"SearchAction\",\"target\":{\"@type\":\"EntryPoint\",\"urlTemplate\":\"https:\\\/\\\/conviso.ee\\\/?s={search_term_string}\"},\"query-input\":{\"@type\":\"PropertyValueSpecification\",\"valueRequired\":true,\"valueName\":\"search_term_string\"}}],\"inLanguage\":\"en-US\"},{\"@type\":\"Organization\",\"@id\":\"https:\\\/\\\/conviso.ee\\\/#organization\",\"name\":\"Conviso\",\"url\":\"https:\\\/\\\/conviso.ee\\\/\",\"logo\":{\"@type\":\"ImageObject\",\"inLanguage\":\"en-US\",\"@id\":\"https:\\\/\\\/conviso.ee\\\/#\\\/schema\\\/logo\\\/image\\\/\",\"url\":\"https:\\\/\\\/conviso.ee\\\/wp-content\\\/uploads\\\/2024\\\/01\\\/logo-removebg-preview.png\",\"contentUrl\":\"https:\\\/\\\/conviso.ee\\\/wp-content\\\/uploads\\\/2024\\\/01\\\/logo-removebg-preview.png\",\"width\":160,\"height\":50,\"caption\":\"Conviso\"},\"image\":{\"@id\":\"https:\\\/\\\/conviso.ee\\\/#\\\/schema\\\/logo\\\/image\\\/\"}}]}<\/script>\n<!-- \/ Yoast SEO plugin. -->","yoast_head_json":{"title":"Hillar Valgma - Conviso","robots":{"index":"index","follow":"follow","max-snippet":"max-snippet:-1","max-image-preview":"max-image-preview:large","max-video-preview":"max-video-preview:-1"},"canonical":"https:\/\/conviso.ee\/meeskond\/hillar-valgma\/","og_locale":"en_US","og_type":"article","og_title":"Hillar Valgma - Conviso","og_description":"Hillar Valgma E-mail hillar.valgma(at)conviso.ee Mobile +372 5667 2144 Job title project manager assistance Education TT\u00dc 1997-2002, l\u00f5petamata, omandatud 120 AP 160-st.Ehitustehnika eriala 4a \u00f5ppekava. Work experience [\u2026]","og_url":"https:\/\/conviso.ee\/meeskond\/hillar-valgma\/","og_site_name":"Conviso","article_modified_time":"2024-02-07T11:58:44+00:00","twitter_card":"summary_large_image","twitter_misc":{"Est. reading time":"1 minute"},"schema":{"@context":"https:\/\/schema.org","@graph":[{"@type":"WebPage","@id":"https:\/\/conviso.ee\/meeskond\/hillar-valgma\/","url":"https:\/\/conviso.ee\/meeskond\/hillar-valgma\/","name":"Hillar Valgma - Conviso","isPartOf":{"@id":"https:\/\/conviso.ee\/#website"},"datePublished":"2023-11-08T16:26:18+00:00","dateModified":"2024-02-07T11:58:44+00:00","breadcrumb":{"@id":"https:\/\/conviso.ee\/meeskond\/hillar-valgma\/#breadcrumb"},"inLanguage":"en-US","potentialAction":[{"@type":"ReadAction","target":["https:\/\/conviso.ee\/meeskond\/hillar-valgma\/"]}]},{"@type":"BreadcrumbList","@id":"https:\/\/conviso.ee\/meeskond\/hillar-valgma\/#breadcrumb","itemListElement":[{"@type":"ListItem","position":1,"name":"Home","item":"https:\/\/conviso.ee\/conviso\/"},{"@type":"ListItem","position":2,"name":"Team","item":"https:\/\/conviso.ee\/meeskond\/"},{"@type":"ListItem","position":3,"name":"Hillar Valgma"}]},{"@type":"WebSite","@id":"https:\/\/conviso.ee\/#website","url":"https:\/\/conviso.ee\/","name":"Conviso.ee","description":"Omanikuj\u00e4relvalve ja ehituse projektijuhtimine","publisher":{"@id":"https:\/\/conviso.ee\/#organization"},"potentialAction":[{"@type":"SearchAction","target":{"@type":"EntryPoint","urlTemplate":"https:\/\/conviso.ee\/?s={search_term_string}"},"query-input":{"@type":"PropertyValueSpecification","valueRequired":true,"valueName":"search_term_string"}}],"inLanguage":"en-US"},{"@type":"Organization","@id":"https:\/\/conviso.ee\/#organization","name":"Conviso","url":"https:\/\/conviso.ee\/","logo":{"@type":"ImageObject","inLanguage":"en-US","@id":"https:\/\/conviso.ee\/#\/schema\/logo\/image\/","url":"https:\/\/conviso.ee\/wp-content\/uploads\/2024\/01\/logo-removebg-preview.png","contentUrl":"https:\/\/conviso.ee\/wp-content\/uploads\/2024\/01\/logo-removebg-preview.png","width":160,"height":50,"caption":"Conviso"},"image":{"@id":"https:\/\/conviso.ee\/#\/schema\/logo\/image\/"}}]}},"_links":{"self":[{"href":"https:\/\/conviso.ee\/en\/wp-json\/wp\/v2\/pages\/1330","targetHints":{"allow":["GET"]}}],"collection":[{"href":"https:\/\/conviso.ee\/en\/wp-json\/wp\/v2\/pages"}],"about":[{"href":"https:\/\/conviso.ee\/en\/wp-json\/wp\/v2\/types\/page"}],"author":[{"embeddable":true,"href":"https:\/\/conviso.ee\/en\/wp-json\/wp\/v2\/users\/1"}],"replies":[{"embeddable":true,"href":"https:\/\/conviso.ee\/en\/wp-json\/wp\/v2\/comments?post=1330"}],"version-history":[{"count":7,"href":"https:\/\/conviso.ee\/en\/wp-json\/wp\/v2\/pages\/1330\/revisions"}],"predecessor-version":[{"id":1549,"href":"https:\/\/conviso.ee\/en\/wp-json\/wp\/v2\/pages\/1330\/revisions\/1549"}],"up":[{"embeddable":true,"href":"https:\/\/conviso.ee\/en\/wp-json\/wp\/v2\/pages\/1018"}],"wp:attachment":[{"href":"https:\/\/conviso.ee\/en\/wp-json\/wp\/v2\/media?parent=1330"}],"curies":[{"name":"wp","href":"https:\/\/api.w.org\/{rel}","templated":true}]}}