{"id":1326,"date":"2023-11-08T15:04:43","date_gmt":"2023-11-08T15:04:43","guid":{"rendered":"https:\/\/conviso.ee\/team\/erki-laimets\/"},"modified":"2024-02-07T12:02:56","modified_gmt":"2024-02-07T12:02:56","slug":"erki-laimets","status":"publish","type":"page","link":"https:\/\/conviso.ee\/en\/team\/erki-laimets\/","title":{"rendered":"Erki Laimets"},"content":{"rendered":"\t\t<div data-elementor-type=\"wp-page\" data-elementor-id=\"1326\" class=\"elementor elementor-1326 elementor-290\" data-elementor-post-type=\"page\">\n\t\t\t\t\t\t<section class=\"elementor-section elementor-top-section elementor-element elementor-element-5ff3e4f9 elementor-section-full_width elementor-section-stretched elementor-section-height-default elementor-section-height-default\" data-id=\"5ff3e4f9\" data-element_type=\"section\" data-e-type=\"section\" data-settings=\"{&quot;stretch_section&quot;:&quot;section-stretched&quot;,&quot;background_background&quot;:&quot;classic&quot;}\">\n\t\t\t\t\t\t<div class=\"elementor-container elementor-column-gap-no\">\n\t\t\t\t\t<div class=\"elementor-column elementor-col-50 elementor-top-column elementor-element elementor-element-70a8374b\" data-id=\"70a8374b\" data-element_type=\"column\" data-e-type=\"column\">\n\t\t\t<div class=\"elementor-widget-wrap elementor-element-populated\">\n\t\t\t\t\t\t<div class=\"elementor-element elementor-element-189c6cee elementor-widget elementor-widget-text-editor\" data-id=\"189c6cee\" data-element_type=\"widget\" data-e-type=\"widget\" data-widget_type=\"text-editor.default\">\n\t\t\t\t<div class=\"elementor-widget-container\">\n\t\t\t\t\t\t\t\t\t<p>Erki Laimets<\/p>\n\t\t\t\t\t\t\t\t<\/div>\n\t\t\t\t<\/div>\n\t\t\t\t<div class=\"elementor-element elementor-element-47ecdc79 elementor-widget elementor-widget-spacer\" data-id=\"47ecdc79\" data-element_type=\"widget\" data-e-type=\"widget\" data-widget_type=\"spacer.default\">\n\t\t\t\t<div class=\"elementor-widget-container\">\n\t\t\t\t\t\t\t<div class=\"elementor-spacer\">\n\t\t\t<div class=\"elementor-spacer-inner\"><\/div>\n\t\t<\/div>\n\t\t\t\t\t\t<\/div>\n\t\t\t\t<\/div>\n\t\t\t\t\t<\/div>\n\t\t<\/div>\n\t\t\t\t<div class=\"elementor-column elementor-col-50 elementor-top-column elementor-element elementor-element-4e6a2cd5\" data-id=\"4e6a2cd5\" data-element_type=\"column\" data-e-type=\"column\">\n\t\t\t<div class=\"elementor-widget-wrap elementor-element-populated\">\n\t\t\t\t\t\t<div class=\"elementor-element elementor-element-27c4a7ae elementor-widget elementor-widget-spacer\" data-id=\"27c4a7ae\" data-element_type=\"widget\" data-e-type=\"widget\" data-widget_type=\"spacer.default\">\n\t\t\t\t<div class=\"elementor-widget-container\">\n\t\t\t\t\t\t\t<div class=\"elementor-spacer\">\n\t\t\t<div class=\"elementor-spacer-inner\"><\/div>\n\t\t<\/div>\n\t\t\t\t\t\t<\/div>\n\t\t\t\t<\/div>\n\t\t\t\t\t<\/div>\n\t\t<\/div>\n\t\t\t\t\t<\/div>\n\t\t<\/section>\n\t\t\t\t<section class=\"elementor-section elementor-top-section elementor-element elementor-element-4c2386f6 elementor-section-stretched elementor-reverse-mobile elementor-section-boxed elementor-section-height-default elementor-section-height-default\" data-id=\"4c2386f6\" data-element_type=\"section\" data-e-type=\"section\" data-settings=\"{&quot;stretch_section&quot;:&quot;section-stretched&quot;}\">\n\t\t\t\t\t\t<div class=\"elementor-container elementor-column-gap-default\">\n\t\t\t\t\t<div class=\"elementor-column elementor-col-50 elementor-top-column elementor-element elementor-element-56b5597f\" data-id=\"56b5597f\" data-element_type=\"column\" data-e-type=\"column\">\n\t\t\t<div class=\"elementor-widget-wrap elementor-element-populated\">\n\t\t\t\t\t\t<section class=\"elementor-section elementor-inner-section elementor-element elementor-element-7bf9187c elementor-section-boxed elementor-section-height-default elementor-section-height-default\" data-id=\"7bf9187c\" data-element_type=\"section\" data-e-type=\"section\" data-settings=\"{&quot;background_background&quot;:&quot;classic&quot;,&quot;sticky&quot;:&quot;top&quot;,&quot;sticky_offset&quot;:100,&quot;sticky_parent&quot;:&quot;yes&quot;,&quot;sticky_on&quot;:[&quot;desktop&quot;,&quot;tablet&quot;,&quot;mobile&quot;],&quot;sticky_effects_offset&quot;:0,&quot;sticky_anchor_link_offset&quot;:0}\">\n\t\t\t\t\t\t<div class=\"elementor-container elementor-column-gap-default\">\n\t\t\t\t\t<div class=\"elementor-column elementor-col-100 elementor-inner-column elementor-element elementor-element-317ba189\" data-id=\"317ba189\" data-element_type=\"column\" data-e-type=\"column\">\n\t\t\t<div class=\"elementor-widget-wrap elementor-element-populated\">\n\t\t\t\t\t\t<div class=\"elementor-element elementor-element-1f6b63b elementor-nav-menu__align-start elementor-nav-menu--dropdown-tablet elementor-nav-menu__text-align-aside elementor-widget elementor-widget-global elementor-global-537 elementor-widget-nav-menu\" data-id=\"1f6b63b\" data-element_type=\"widget\" data-e-type=\"widget\" data-settings=\"{&quot;layout&quot;:&quot;vertical&quot;,&quot;submenu_icon&quot;:{&quot;value&quot;:&quot;fas fa-caret-down&quot;,&quot;library&quot;:&quot;fa-solid&quot;}}\" data-widget_type=\"nav-menu.default\">\n\t\t\t\t<div class=\"elementor-widget-container\">\n\t\t\t\t\t\t\t\t<nav aria-label=\"Menu\" class=\"elementor-nav-menu--main elementor-nav-menu__container elementor-nav-menu--layout-vertical e--pointer-underline e--animation-drop-in\">\n\t\t\t\t<ul id=\"menu-1-1f6b63b\" class=\"elementor-nav-menu sm-vertical\"><li class=\"menu-item menu-item-type-post_type menu-item-object-page menu-item-1343\"><a href=\"https:\/\/conviso.ee\/en\/team\/erki-laimets\/\" class=\"elementor-item\">Erki Laimets<\/a><\/li>\n<li class=\"menu-item menu-item-type-post_type menu-item-object-page menu-item-1348\"><a href=\"https:\/\/conviso.ee\/en\/team\/riho-oras\/\" class=\"elementor-item\">Riho Oras<\/a><\/li>\n<li class=\"menu-item menu-item-type-post_type menu-item-object-page menu-item-1347\"><a href=\"https:\/\/conviso.ee\/en\/team\/rauno-sanin\/\" class=\"elementor-item\">Rauno \u0160anin<\/a><\/li>\n<li class=\"menu-item menu-item-type-post_type menu-item-object-page menu-item-1345\"><a href=\"https:\/\/conviso.ee\/en\/team\/kaido-hanikat\/\" class=\"elementor-item\">Kaido Hanikat<\/a><\/li>\n<li class=\"menu-item menu-item-type-post_type menu-item-object-page menu-item-1344\"><a href=\"https:\/\/conviso.ee\/en\/team\/hillar-valgma\/\" class=\"elementor-item\">Hillar Valgma<\/a><\/li>\n<li class=\"menu-item menu-item-type-post_type menu-item-object-page menu-item-1346\"><a href=\"https:\/\/conviso.ee\/en\/team\/raimond-subatsjus\/\" class=\"elementor-item\">Raimond Subat\u0161jus<\/a><\/li>\n<li class=\"menu-item menu-item-type-post_type menu-item-object-page menu-item-1342\"><a href=\"https:\/\/conviso.ee\/en\/team\/anti-kruutmann\/\" class=\"elementor-item\">Anti Kruutmann<\/a><\/li>\n<\/ul>\t\t\t<\/nav>\n\t\t\t\t\t\t<nav class=\"elementor-nav-menu--dropdown elementor-nav-menu__container\" aria-hidden=\"true\">\n\t\t\t\t<ul id=\"menu-2-1f6b63b\" class=\"elementor-nav-menu sm-vertical\"><li class=\"menu-item menu-item-type-post_type menu-item-object-page menu-item-1343\"><a href=\"https:\/\/conviso.ee\/en\/team\/erki-laimets\/\" class=\"elementor-item\" tabindex=\"-1\">Erki Laimets<\/a><\/li>\n<li class=\"menu-item menu-item-type-post_type menu-item-object-page menu-item-1348\"><a href=\"https:\/\/conviso.ee\/en\/team\/riho-oras\/\" class=\"elementor-item\" tabindex=\"-1\">Riho Oras<\/a><\/li>\n<li class=\"menu-item menu-item-type-post_type menu-item-object-page menu-item-1347\"><a href=\"https:\/\/conviso.ee\/en\/team\/rauno-sanin\/\" class=\"elementor-item\" tabindex=\"-1\">Rauno \u0160anin<\/a><\/li>\n<li class=\"menu-item menu-item-type-post_type menu-item-object-page menu-item-1345\"><a href=\"https:\/\/conviso.ee\/en\/team\/kaido-hanikat\/\" class=\"elementor-item\" tabindex=\"-1\">Kaido Hanikat<\/a><\/li>\n<li class=\"menu-item menu-item-type-post_type menu-item-object-page menu-item-1344\"><a href=\"https:\/\/conviso.ee\/en\/team\/hillar-valgma\/\" class=\"elementor-item\" tabindex=\"-1\">Hillar Valgma<\/a><\/li>\n<li class=\"menu-item menu-item-type-post_type menu-item-object-page menu-item-1346\"><a href=\"https:\/\/conviso.ee\/en\/team\/raimond-subatsjus\/\" class=\"elementor-item\" tabindex=\"-1\">Raimond Subat\u0161jus<\/a><\/li>\n<li class=\"menu-item menu-item-type-post_type menu-item-object-page menu-item-1342\"><a href=\"https:\/\/conviso.ee\/en\/team\/anti-kruutmann\/\" class=\"elementor-item\" tabindex=\"-1\">Anti Kruutmann<\/a><\/li>\n<\/ul>\t\t\t<\/nav>\n\t\t\t\t\t\t<\/div>\n\t\t\t\t<\/div>\n\t\t\t\t\t<\/div>\n\t\t<\/div>\n\t\t\t\t\t<\/div>\n\t\t<\/section>\n\t\t\t\t\t<\/div>\n\t\t<\/div>\n\t\t\t\t<div class=\"elementor-column elementor-col-50 elementor-top-column elementor-element elementor-element-7e309249\" data-id=\"7e309249\" data-element_type=\"column\" data-e-type=\"column\">\n\t\t\t<div class=\"elementor-widget-wrap elementor-element-populated\">\n\t\t\t\t\t\t<div class=\"elementor-element elementor-element-753a67f elementor-widget elementor-widget-text-editor\" data-id=\"753a67f\" data-element_type=\"widget\" data-e-type=\"widget\" data-widget_type=\"text-editor.default\">\n\t\t\t\t<div class=\"elementor-widget-container\">\n\t\t\t\t\t\t\t\t\t<table class=\"table table-striped\"><tbody><tr><td><strong>E-mail<\/strong><\/td><td><a href=\"mailto:erki.laimets(at)conviso.ee\">erki.laimets(at)conviso.ee<\/a><\/td><\/tr><tr><td><strong>Mobile<\/strong><\/td><td><a href=\"tel:+3725064058\">+372 506 4058<\/a><\/td><\/tr><tr><td><strong>Job title<\/strong><\/td><td>supervisor, project manager<\/td><\/tr><tr><td><strong>Education<\/strong><\/td><td>TT\u00dc 1994, diplomeeritud ehitusinsener, Ehitustehnika eriala 5a \u00f5ppekava.TT\u00dc 2001, tehnikamagister, Ehitustehnika \u00f5ppesuuna 2a \u00f5ppekava,magistrit\u00f6\u00f6 teemal \u201eEhitustellija-konsultandi kvaliteedis\u00fcsteem\u201c.<\/td><\/tr><tr><td><strong>Professional title<\/strong><\/td><td>Alates 2000 aastast omab kutset Volitatud ehitusinsener<\/td><\/tr><tr><td><strong>Work experience<\/strong><\/td><td>Alates 1994 t\u00f6\u00f6tanud ehitustellija-konsultandina ja omanikuj\u00e4relevalvena, 2002 aastast tegelenud lisaks ka ettev\u00f5tte juhtimisega.<\/td><\/tr><tr><td><strong>Professional associations<\/strong><\/td><td>Alates 1997 aastast Eesti Ehitusinseneride Liidu (EEL) liige, 2006 aastast EEL volikogu liige.<\/td><\/tr><tr><td><strong>Social activities<\/strong><\/td><td>Eesti Ehitusteabe Fondi esimees<\/td><\/tr><\/tbody><\/table>\t\t\t\t\t\t\t\t<\/div>\n\t\t\t\t<\/div>\n\t\t\t\t\t<\/div>\n\t\t<\/div>\n\t\t\t\t\t<\/div>\n\t\t<\/section>\n\t\t\t\t<\/div>\n\t\t","protected":false},"excerpt":{"rendered":"<p>Erki Laimets E-mail erki.laimets(at)conviso.ee Mobile +372 506 4058 Job title supervisor, project manager Education TT\u00dc 1994, diplomeeritud ehitusinsener, Ehitustehnika eriala 5a \u00f5ppekava.TT\u00dc 2001, tehnikamagister, Ehitustehnika \u00f5ppesuuna<span class=\"excerpt-hellip\"> [\u2026]<\/span><\/p>\n","protected":false},"author":1,"featured_media":0,"parent":1018,"menu_order":0,"comment_status":"closed","ping_status":"closed","template":"","meta":{"_monsterinsights_skip_tracking":false,"_monsterinsights_sitenote_active":false,"_monsterinsights_sitenote_note":"","_monsterinsights_sitenote_category":0,"footnotes":""},"class_list":["post-1326","page","type-page","status-publish","hentry"],"yoast_head":"<!-- This site is optimized with the Yoast SEO plugin v27.3 - https:\/\/yoast.com\/product\/yoast-seo-wordpress\/ -->\n<title>Erki Laimets - Conviso<\/title>\n<meta name=\"robots\" content=\"index, follow, max-snippet:-1, max-image-preview:large, max-video-preview:-1\" \/>\n<link rel=\"canonical\" href=\"https:\/\/conviso.ee\/meeskond\/erki-laimets\/\" \/>\n<meta property=\"og:locale\" content=\"en_US\" \/>\n<meta property=\"og:type\" content=\"article\" \/>\n<meta property=\"og:title\" content=\"Erki Laimets - Conviso\" \/>\n<meta property=\"og:description\" content=\"Erki Laimets E-mail erki.laimets(at)conviso.ee Mobile +372 506 4058 Job title supervisor, project manager Education TT\u00dc 1994, diplomeeritud ehitusinsener, Ehitustehnika eriala 5a \u00f5ppekava.TT\u00dc 2001, tehnikamagister, Ehitustehnika \u00f5ppesuuna [\u2026]\" \/>\n<meta property=\"og:url\" content=\"https:\/\/conviso.ee\/meeskond\/erki-laimets\/\" \/>\n<meta property=\"og:site_name\" content=\"Conviso\" \/>\n<meta property=\"article:modified_time\" content=\"2024-02-07T12:02:56+00:00\" \/>\n<meta name=\"twitter:card\" content=\"summary_large_image\" \/>\n<meta name=\"twitter:label1\" content=\"Est. reading time\" \/>\n\t<meta name=\"twitter:data1\" content=\"1 minute\" \/>\n<script type=\"application\/ld+json\" class=\"yoast-schema-graph\">{\"@context\":\"https:\\\/\\\/schema.org\",\"@graph\":[{\"@type\":\"WebPage\",\"@id\":\"https:\\\/\\\/conviso.ee\\\/meeskond\\\/erki-laimets\\\/\",\"url\":\"https:\\\/\\\/conviso.ee\\\/meeskond\\\/erki-laimets\\\/\",\"name\":\"Erki Laimets - Conviso\",\"isPartOf\":{\"@id\":\"https:\\\/\\\/conviso.ee\\\/#website\"},\"datePublished\":\"2023-11-08T15:04:43+00:00\",\"dateModified\":\"2024-02-07T12:02:56+00:00\",\"breadcrumb\":{\"@id\":\"https:\\\/\\\/conviso.ee\\\/meeskond\\\/erki-laimets\\\/#breadcrumb\"},\"inLanguage\":\"en-US\",\"potentialAction\":[{\"@type\":\"ReadAction\",\"target\":[\"https:\\\/\\\/conviso.ee\\\/meeskond\\\/erki-laimets\\\/\"]}]},{\"@type\":\"BreadcrumbList\",\"@id\":\"https:\\\/\\\/conviso.ee\\\/meeskond\\\/erki-laimets\\\/#breadcrumb\",\"itemListElement\":[{\"@type\":\"ListItem\",\"position\":1,\"name\":\"Home\",\"item\":\"https:\\\/\\\/conviso.ee\\\/conviso\\\/\"},{\"@type\":\"ListItem\",\"position\":2,\"name\":\"Team\",\"item\":\"https:\\\/\\\/conviso.ee\\\/meeskond\\\/\"},{\"@type\":\"ListItem\",\"position\":3,\"name\":\"Erki Laimets\"}]},{\"@type\":\"WebSite\",\"@id\":\"https:\\\/\\\/conviso.ee\\\/#website\",\"url\":\"https:\\\/\\\/conviso.ee\\\/\",\"name\":\"Conviso.ee\",\"description\":\"Omanikuj\u00e4relvalve ja ehituse projektijuhtimine\",\"publisher\":{\"@id\":\"https:\\\/\\\/conviso.ee\\\/#organization\"},\"potentialAction\":[{\"@type\":\"SearchAction\",\"target\":{\"@type\":\"EntryPoint\",\"urlTemplate\":\"https:\\\/\\\/conviso.ee\\\/?s={search_term_string}\"},\"query-input\":{\"@type\":\"PropertyValueSpecification\",\"valueRequired\":true,\"valueName\":\"search_term_string\"}}],\"inLanguage\":\"en-US\"},{\"@type\":\"Organization\",\"@id\":\"https:\\\/\\\/conviso.ee\\\/#organization\",\"name\":\"Conviso\",\"url\":\"https:\\\/\\\/conviso.ee\\\/\",\"logo\":{\"@type\":\"ImageObject\",\"inLanguage\":\"en-US\",\"@id\":\"https:\\\/\\\/conviso.ee\\\/#\\\/schema\\\/logo\\\/image\\\/\",\"url\":\"https:\\\/\\\/conviso.ee\\\/wp-content\\\/uploads\\\/2024\\\/01\\\/logo-removebg-preview.png\",\"contentUrl\":\"https:\\\/\\\/conviso.ee\\\/wp-content\\\/uploads\\\/2024\\\/01\\\/logo-removebg-preview.png\",\"width\":160,\"height\":50,\"caption\":\"Conviso\"},\"image\":{\"@id\":\"https:\\\/\\\/conviso.ee\\\/#\\\/schema\\\/logo\\\/image\\\/\"}}]}<\/script>\n<!-- \/ Yoast SEO plugin. -->","yoast_head_json":{"title":"Erki Laimets - Conviso","robots":{"index":"index","follow":"follow","max-snippet":"max-snippet:-1","max-image-preview":"max-image-preview:large","max-video-preview":"max-video-preview:-1"},"canonical":"https:\/\/conviso.ee\/meeskond\/erki-laimets\/","og_locale":"en_US","og_type":"article","og_title":"Erki Laimets - Conviso","og_description":"Erki Laimets E-mail erki.laimets(at)conviso.ee Mobile +372 506 4058 Job title supervisor, project manager Education TT\u00dc 1994, diplomeeritud ehitusinsener, Ehitustehnika eriala 5a \u00f5ppekava.TT\u00dc 2001, tehnikamagister, Ehitustehnika \u00f5ppesuuna [\u2026]","og_url":"https:\/\/conviso.ee\/meeskond\/erki-laimets\/","og_site_name":"Conviso","article_modified_time":"2024-02-07T12:02:56+00:00","twitter_card":"summary_large_image","twitter_misc":{"Est. reading time":"1 minute"},"schema":{"@context":"https:\/\/schema.org","@graph":[{"@type":"WebPage","@id":"https:\/\/conviso.ee\/meeskond\/erki-laimets\/","url":"https:\/\/conviso.ee\/meeskond\/erki-laimets\/","name":"Erki Laimets - Conviso","isPartOf":{"@id":"https:\/\/conviso.ee\/#website"},"datePublished":"2023-11-08T15:04:43+00:00","dateModified":"2024-02-07T12:02:56+00:00","breadcrumb":{"@id":"https:\/\/conviso.ee\/meeskond\/erki-laimets\/#breadcrumb"},"inLanguage":"en-US","potentialAction":[{"@type":"ReadAction","target":["https:\/\/conviso.ee\/meeskond\/erki-laimets\/"]}]},{"@type":"BreadcrumbList","@id":"https:\/\/conviso.ee\/meeskond\/erki-laimets\/#breadcrumb","itemListElement":[{"@type":"ListItem","position":1,"name":"Home","item":"https:\/\/conviso.ee\/conviso\/"},{"@type":"ListItem","position":2,"name":"Team","item":"https:\/\/conviso.ee\/meeskond\/"},{"@type":"ListItem","position":3,"name":"Erki Laimets"}]},{"@type":"WebSite","@id":"https:\/\/conviso.ee\/#website","url":"https:\/\/conviso.ee\/","name":"Conviso.ee","description":"Omanikuj\u00e4relvalve ja ehituse projektijuhtimine","publisher":{"@id":"https:\/\/conviso.ee\/#organization"},"potentialAction":[{"@type":"SearchAction","target":{"@type":"EntryPoint","urlTemplate":"https:\/\/conviso.ee\/?s={search_term_string}"},"query-input":{"@type":"PropertyValueSpecification","valueRequired":true,"valueName":"search_term_string"}}],"inLanguage":"en-US"},{"@type":"Organization","@id":"https:\/\/conviso.ee\/#organization","name":"Conviso","url":"https:\/\/conviso.ee\/","logo":{"@type":"ImageObject","inLanguage":"en-US","@id":"https:\/\/conviso.ee\/#\/schema\/logo\/image\/","url":"https:\/\/conviso.ee\/wp-content\/uploads\/2024\/01\/logo-removebg-preview.png","contentUrl":"https:\/\/conviso.ee\/wp-content\/uploads\/2024\/01\/logo-removebg-preview.png","width":160,"height":50,"caption":"Conviso"},"image":{"@id":"https:\/\/conviso.ee\/#\/schema\/logo\/image\/"}}]}},"_links":{"self":[{"href":"https:\/\/conviso.ee\/en\/wp-json\/wp\/v2\/pages\/1326","targetHints":{"allow":["GET"]}}],"collection":[{"href":"https:\/\/conviso.ee\/en\/wp-json\/wp\/v2\/pages"}],"about":[{"href":"https:\/\/conviso.ee\/en\/wp-json\/wp\/v2\/types\/page"}],"author":[{"embeddable":true,"href":"https:\/\/conviso.ee\/en\/wp-json\/wp\/v2\/users\/1"}],"replies":[{"embeddable":true,"href":"https:\/\/conviso.ee\/en\/wp-json\/wp\/v2\/comments?post=1326"}],"version-history":[{"count":9,"href":"https:\/\/conviso.ee\/en\/wp-json\/wp\/v2\/pages\/1326\/revisions"}],"predecessor-version":[{"id":1552,"href":"https:\/\/conviso.ee\/en\/wp-json\/wp\/v2\/pages\/1326\/revisions\/1552"}],"up":[{"embeddable":true,"href":"https:\/\/conviso.ee\/en\/wp-json\/wp\/v2\/pages\/1018"}],"wp:attachment":[{"href":"https:\/\/conviso.ee\/en\/wp-json\/wp\/v2\/media?parent=1326"}],"curies":[{"name":"wp","href":"https:\/\/api.w.org\/{rel}","templated":true}]}}