{"id":1283,"date":"2023-11-08T14:35:45","date_gmt":"2023-11-08T14:35:45","guid":{"rendered":"https:\/\/conviso.ee\/work-done\/infrastructure-facilities\/"},"modified":"2023-12-13T08:14:19","modified_gmt":"2023-12-13T08:14:19","slug":"infrastructure-facilities","status":"publish","type":"page","link":"https:\/\/conviso.ee\/en\/work-done\/infrastructure-facilities\/","title":{"rendered":"Infrastructure facilities"},"content":{"rendered":"\t\t<div data-elementor-type=\"wp-page\" data-elementor-id=\"1283\" class=\"elementor elementor-1283 elementor-253\" data-elementor-post-type=\"page\">\n\t\t\t\t\t\t<section class=\"elementor-section elementor-top-section elementor-element elementor-element-e7521f2 elementor-section-full_width elementor-section-stretched elementor-section-height-default elementor-section-height-default\" data-id=\"e7521f2\" data-element_type=\"section\" data-e-type=\"section\" data-settings=\"{&quot;stretch_section&quot;:&quot;section-stretched&quot;,&quot;background_background&quot;:&quot;classic&quot;}\">\n\t\t\t\t\t\t<div class=\"elementor-container elementor-column-gap-no\">\n\t\t\t\t\t<div class=\"elementor-column elementor-col-50 elementor-top-column elementor-element elementor-element-83f4b13\" data-id=\"83f4b13\" data-element_type=\"column\" data-e-type=\"column\">\n\t\t\t<div class=\"elementor-widget-wrap elementor-element-populated\">\n\t\t\t\t\t\t<div class=\"elementor-element elementor-element-0e889ad elementor-widget elementor-widget-text-editor\" data-id=\"0e889ad\" data-element_type=\"widget\" data-e-type=\"widget\" data-widget_type=\"text-editor.default\">\n\t\t\t\t<div class=\"elementor-widget-container\">\n\t\t\t\t\t\t\t\t\t<p>Infrastructure facilities<\/p>\n\t\t\t\t\t\t\t\t<\/div>\n\t\t\t\t<\/div>\n\t\t\t\t<div class=\"elementor-element elementor-element-47811d9 elementor-widget elementor-widget-spacer\" data-id=\"47811d9\" data-element_type=\"widget\" data-e-type=\"widget\" data-widget_type=\"spacer.default\">\n\t\t\t\t<div class=\"elementor-widget-container\">\n\t\t\t\t\t\t\t<div class=\"elementor-spacer\">\n\t\t\t<div class=\"elementor-spacer-inner\"><\/div>\n\t\t<\/div>\n\t\t\t\t\t\t<\/div>\n\t\t\t\t<\/div>\n\t\t\t\t\t<\/div>\n\t\t<\/div>\n\t\t\t\t<div class=\"elementor-column elementor-col-50 elementor-top-column elementor-element elementor-element-d02b833\" data-id=\"d02b833\" data-element_type=\"column\" data-e-type=\"column\">\n\t\t\t<div class=\"elementor-widget-wrap elementor-element-populated\">\n\t\t\t\t\t\t<div class=\"elementor-element elementor-element-ccf9a4b elementor-widget elementor-widget-spacer\" data-id=\"ccf9a4b\" data-element_type=\"widget\" data-e-type=\"widget\" data-widget_type=\"spacer.default\">\n\t\t\t\t<div class=\"elementor-widget-container\">\n\t\t\t\t\t\t\t<div class=\"elementor-spacer\">\n\t\t\t<div class=\"elementor-spacer-inner\"><\/div>\n\t\t<\/div>\n\t\t\t\t\t\t<\/div>\n\t\t\t\t<\/div>\n\t\t\t\t\t<\/div>\n\t\t<\/div>\n\t\t\t\t\t<\/div>\n\t\t<\/section>\n\t\t\t\t<section class=\"elementor-section elementor-top-section elementor-element elementor-element-4e1354c elementor-section-stretched elementor-section-boxed elementor-section-height-default elementor-section-height-default\" data-id=\"4e1354c\" data-element_type=\"section\" data-e-type=\"section\" data-settings=\"{&quot;stretch_section&quot;:&quot;section-stretched&quot;}\">\n\t\t\t\t\t\t<div class=\"elementor-container elementor-column-gap-wider\">\n\t\t\t\t\t<div class=\"elementor-column elementor-col-50 elementor-top-column elementor-element elementor-element-207cb80\" data-id=\"207cb80\" data-element_type=\"column\" data-e-type=\"column\">\n\t\t\t<div class=\"elementor-widget-wrap elementor-element-populated\">\n\t\t\t\t\t\t<section class=\"elementor-section elementor-inner-section elementor-element elementor-element-07ea0c8 elementor-section-boxed elementor-section-height-default elementor-section-height-default\" data-id=\"07ea0c8\" data-element_type=\"section\" data-e-type=\"section\" data-settings=\"{&quot;sticky&quot;:&quot;top&quot;,&quot;sticky_offset&quot;:150,&quot;sticky_parent&quot;:&quot;yes&quot;,&quot;background_background&quot;:&quot;classic&quot;,&quot;sticky_on&quot;:[&quot;desktop&quot;,&quot;tablet&quot;,&quot;mobile&quot;],&quot;sticky_effects_offset&quot;:0,&quot;sticky_anchor_link_offset&quot;:0}\">\n\t\t\t\t\t\t<div class=\"elementor-container elementor-column-gap-default\">\n\t\t\t\t\t<div class=\"elementor-column elementor-col-100 elementor-inner-column elementor-element elementor-element-a8826ef\" data-id=\"a8826ef\" data-element_type=\"column\" data-e-type=\"column\">\n\t\t\t<div class=\"elementor-widget-wrap elementor-element-populated\">\n\t\t\t\t\t\t<div class=\"elementor-element elementor-element-3bd3d69 elementor-nav-menu__align-start elementor-nav-menu--dropdown-tablet elementor-nav-menu__text-align-aside elementor-widget elementor-widget-global elementor-global-564 elementor-widget-nav-menu\" data-id=\"3bd3d69\" data-element_type=\"widget\" data-e-type=\"widget\" data-settings=\"{&quot;layout&quot;:&quot;vertical&quot;,&quot;submenu_icon&quot;:{&quot;value&quot;:&quot;fas fa-caret-down&quot;,&quot;library&quot;:&quot;fa-solid&quot;}}\" data-widget_type=\"nav-menu.default\">\n\t\t\t\t<div class=\"elementor-widget-container\">\n\t\t\t\t\t\t\t\t<nav aria-label=\"Menu\" class=\"elementor-nav-menu--main elementor-nav-menu__container elementor-nav-menu--layout-vertical e--pointer-underline e--animation-drop-in\">\n\t\t\t\t<ul id=\"menu-1-3bd3d69\" class=\"elementor-nav-menu sm-vertical\"><li class=\"menu-item menu-item-type-custom menu-item-object-custom menu-item-999\"><a href=\"\/en\/work-done\/commercial-buildings\/\" class=\"elementor-item\">Commercial buildings<\/a><\/li>\n<li class=\"menu-item menu-item-type-custom menu-item-object-custom menu-item-1000\"><a href=\"\/en\/work-done\/industrial-and-production-buildings\/\" class=\"elementor-item\">Industrial and production buildings<\/a><\/li>\n<li class=\"menu-item menu-item-type-custom menu-item-object-custom menu-item-1001\"><a href=\"\/en\/work-done\/office-buildings\/\" class=\"elementor-item\">Office buildings<\/a><\/li>\n<li class=\"menu-item menu-item-type-custom menu-item-object-custom menu-item-1002\"><a href=\"\/en\/work-done\/warehouse-buildings\/\" class=\"elementor-item\">Warehouse buildings<\/a><\/li>\n<li class=\"menu-item menu-item-type-custom menu-item-object-custom menu-item-1003\"><a href=\"\/en\/work-done\/residential-buildings\/\" class=\"elementor-item\">Residential buildings<\/a><\/li>\n<li class=\"menu-item menu-item-type-custom menu-item-object-custom menu-item-1004\"><a href=\"\/en\/work-done\/public-buildings\/\" class=\"elementor-item\">Public buildings<\/a><\/li>\n<li class=\"menu-item menu-item-type-custom menu-item-object-custom menu-item-1005\"><a href=\"\/en\/work-done\/infrastructure-facilities\/\" class=\"elementor-item\">Infrastructure facilities<\/a><\/li>\n<\/ul>\t\t\t<\/nav>\n\t\t\t\t\t\t<nav class=\"elementor-nav-menu--dropdown elementor-nav-menu__container\" aria-hidden=\"true\">\n\t\t\t\t<ul id=\"menu-2-3bd3d69\" class=\"elementor-nav-menu sm-vertical\"><li class=\"menu-item menu-item-type-custom menu-item-object-custom menu-item-999\"><a href=\"\/en\/work-done\/commercial-buildings\/\" class=\"elementor-item\" tabindex=\"-1\">Commercial buildings<\/a><\/li>\n<li class=\"menu-item menu-item-type-custom menu-item-object-custom menu-item-1000\"><a href=\"\/en\/work-done\/industrial-and-production-buildings\/\" class=\"elementor-item\" tabindex=\"-1\">Industrial and production buildings<\/a><\/li>\n<li class=\"menu-item menu-item-type-custom menu-item-object-custom menu-item-1001\"><a href=\"\/en\/work-done\/office-buildings\/\" class=\"elementor-item\" tabindex=\"-1\">Office buildings<\/a><\/li>\n<li class=\"menu-item menu-item-type-custom menu-item-object-custom menu-item-1002\"><a href=\"\/en\/work-done\/warehouse-buildings\/\" class=\"elementor-item\" tabindex=\"-1\">Warehouse buildings<\/a><\/li>\n<li class=\"menu-item menu-item-type-custom menu-item-object-custom menu-item-1003\"><a href=\"\/en\/work-done\/residential-buildings\/\" class=\"elementor-item\" tabindex=\"-1\">Residential buildings<\/a><\/li>\n<li class=\"menu-item menu-item-type-custom menu-item-object-custom menu-item-1004\"><a href=\"\/en\/work-done\/public-buildings\/\" class=\"elementor-item\" tabindex=\"-1\">Public buildings<\/a><\/li>\n<li class=\"menu-item menu-item-type-custom menu-item-object-custom menu-item-1005\"><a href=\"\/en\/work-done\/infrastructure-facilities\/\" class=\"elementor-item\" tabindex=\"-1\">Infrastructure facilities<\/a><\/li>\n<\/ul>\t\t\t<\/nav>\n\t\t\t\t\t\t<\/div>\n\t\t\t\t<\/div>\n\t\t\t\t\t<\/div>\n\t\t<\/div>\n\t\t\t\t\t<\/div>\n\t\t<\/section>\n\t\t\t\t\t<\/div>\n\t\t<\/div>\n\t\t\t\t<div class=\"elementor-column elementor-col-50 elementor-top-column elementor-element elementor-element-4ca23e4\" data-id=\"4ca23e4\" data-element_type=\"column\" data-e-type=\"column\">\n\t\t\t<div class=\"elementor-widget-wrap elementor-element-populated\">\n\t\t\t\t\t\t<div class=\"elementor-element elementor-element-af46d50 elementor-widget elementor-widget-gallery\" data-id=\"af46d50\" data-element_type=\"widget\" data-e-type=\"widget\" data-settings=\"{&quot;columns&quot;:3,&quot;aspect_ratio&quot;:&quot;1:1&quot;,&quot;overlay_title&quot;:&quot;title&quot;,&quot;columns_mobile&quot;:2,&quot;lazyload&quot;:&quot;yes&quot;,&quot;gallery_layout&quot;:&quot;grid&quot;,&quot;columns_tablet&quot;:2,&quot;gap&quot;:{&quot;unit&quot;:&quot;px&quot;,&quot;size&quot;:10,&quot;sizes&quot;:[]},&quot;gap_tablet&quot;:{&quot;unit&quot;:&quot;px&quot;,&quot;size&quot;:10,&quot;sizes&quot;:[]},&quot;gap_mobile&quot;:{&quot;unit&quot;:&quot;px&quot;,&quot;size&quot;:10,&quot;sizes&quot;:[]},&quot;link_to&quot;:&quot;file&quot;,&quot;overlay_background&quot;:&quot;yes&quot;,&quot;content_hover_animation&quot;:&quot;fade-in&quot;}\" data-widget_type=\"gallery.default\">\n\t\t\t\t<div class=\"elementor-widget-container\">\n\t\t\t\t\t\t\t<div class=\"elementor-gallery__container\">\n\t\t\t\t\t\t\t<a class=\"e-gallery-item elementor-gallery-item elementor-animated-content\" href=\"https:\/\/conviso.ee\/wp-content\/uploads\/2023\/11\/1-scaled-1.jpg\" data-elementor-open-lightbox=\"yes\" data-elementor-lightbox-slideshow=\"af46d50\" data-elementor-lightbox-title=\"DSV Transpordi AS parkla ehitus\" data-elementor-lightbox-description=\"2007\nDSV Transpordi AS parkla ehitus\nP\u00e4rnu mnt 535, Saku vald, Harjumaa\nEhitamise ettevalmistamine ja juhtimine tellija esindajana ning omanikuj\u00e4relevalve\nTellija: DSV Transpordi AS\" data-e-action-hash=\"#elementor-action%3Aaction%3Dlightbox%26settings%3DeyJpZCI6NjA4LCJ1cmwiOiJodHRwczpcL1wvY29udmlzby5lZVwvd3AtY29udGVudFwvdXBsb2Fkc1wvMjAyM1wvMTFcLzEtc2NhbGVkLTEuanBnIiwic2xpZGVzaG93IjoiYWY0NmQ1MCJ9\">\n\t\t\t\t\t<div class=\"e-gallery-image elementor-gallery-item__image\" data-thumbnail=\"https:\/\/conviso.ee\/wp-content\/uploads\/2023\/11\/1-scaled-1-500x375.jpg\" data-width=\"500\" data-height=\"375\" aria-label=\"DSV Transpordi AS parkla ehitus\" role=\"img\" ><\/div>\n\t\t\t\t\t\t\t\t\t\t\t<div class=\"elementor-gallery-item__overlay\"><\/div>\n\t\t\t\t\t\t\t\t\t\t\t\t\t\t\t<div class=\"elementor-gallery-item__content\">\n\t\t\t\t\t\t\t\t\t\t\t\t\t\t<div class=\"elementor-gallery-item__title\">\n\t\t\t\t\t\t\t\t\t\t\t\t\t\t\t\t\t\tDSV Transpordi AS parkla ehitus\t\t\t\t\t\t\t\t<\/div>\n\t\t\t\t\t\t\t\t\t\t\t\t<\/div>\n\t\t\t\t\t\t\t\t\t<\/a>\n\t\t\t\t\t\t\t<a class=\"e-gallery-item elementor-gallery-item elementor-animated-content\" href=\"https:\/\/conviso.ee\/wp-content\/uploads\/2023\/11\/179-Tuulikuvundamentide-ulevaatus-09.2010-1-scaled-1.jpg\" data-elementor-open-lightbox=\"yes\" data-elementor-lightbox-slideshow=\"af46d50\" data-elementor-lightbox-title=\"Tuulikuvundamentide tehnilise seisukorra \u00fclevaatused\" data-elementor-lightbox-description=\"2010\nTuulikuvundamentide tehnilise seisukorra \u00fclevaatused tuuleparkides\nEsivere ja Virtsu, L\u00e4\u00e4nemaa\nTellija: Nelja Energia AS\" data-e-action-hash=\"#elementor-action%3Aaction%3Dlightbox%26settings%3DeyJpZCI6NjA5LCJ1cmwiOiJodHRwczpcL1wvY29udmlzby5lZVwvd3AtY29udGVudFwvdXBsb2Fkc1wvMjAyM1wvMTFcLzE3OS1UdXVsaWt1dnVuZGFtZW50aWRlLXVsZXZhYXR1cy0wOS4yMDEwLTEtc2NhbGVkLTEuanBnIiwic2xpZGVzaG93IjoiYWY0NmQ1MCJ9\">\n\t\t\t\t\t<div class=\"e-gallery-image elementor-gallery-item__image\" data-thumbnail=\"https:\/\/conviso.ee\/wp-content\/uploads\/2023\/11\/179-Tuulikuvundamentide-ulevaatus-09.2010-1-scaled-1-500x371.jpg\" data-width=\"500\" data-height=\"371\" aria-label=\"Tuulikuvundamentide tehnilise seisukorra \u00fclevaatused\" role=\"img\" ><\/div>\n\t\t\t\t\t\t\t\t\t\t\t<div class=\"elementor-gallery-item__overlay\"><\/div>\n\t\t\t\t\t\t\t\t\t\t\t\t\t\t\t<div class=\"elementor-gallery-item__content\">\n\t\t\t\t\t\t\t\t\t\t\t\t\t\t<div class=\"elementor-gallery-item__title\">\n\t\t\t\t\t\t\t\t\t\t\t\t\t\t\t\t\t\tTuulikuvundamentide tehnilise seisukorra \u00fclevaatused\t\t\t\t\t\t\t\t<\/div>\n\t\t\t\t\t\t\t\t\t\t\t\t<\/div>\n\t\t\t\t\t\t\t\t\t<\/a>\n\t\t\t\t\t\t\t<a class=\"e-gallery-item elementor-gallery-item elementor-animated-content\" href=\"https:\/\/conviso.ee\/wp-content\/uploads\/2023\/11\/conviso-omanikujaerelvalve-ehitusjaerelvalve-ropka-toeoestuspark-KMT-001.jpg\" data-elementor-open-lightbox=\"yes\" data-elementor-lightbox-slideshow=\"af46d50\" data-elementor-lightbox-title=\"Ropka t\u00f6\u00f6stuspargi t\u00e4navad ja tehnov\u00f5rgud\" data-elementor-lightbox-description=\"2006 - 2007\nRopka t\u00f6\u00f6stuspargi t\u00e4navate ja tehnov\u00f5rkude I etapp\nTehnika tn, Tartu\nProjekteerimise ja ehitamise juhtimine\nTellija: AS Kaupmees Investeeringud\" data-e-action-hash=\"#elementor-action%3Aaction%3Dlightbox%26settings%3DeyJpZCI6NjEwLCJ1cmwiOiJodHRwczpcL1wvY29udmlzby5lZVwvd3AtY29udGVudFwvdXBsb2Fkc1wvMjAyM1wvMTFcL2NvbnZpc28tb21hbmlrdWphZXJlbHZhbHZlLWVoaXR1c2phZXJlbHZhbHZlLXJvcGthLXRvZW9lc3R1c3BhcmstS01ULTAwMS5qcGciLCJzbGlkZXNob3ciOiJhZjQ2ZDUwIn0%3D\">\n\t\t\t\t\t<div class=\"e-gallery-image elementor-gallery-item__image\" data-thumbnail=\"https:\/\/conviso.ee\/wp-content\/uploads\/2023\/11\/conviso-omanikujaerelvalve-ehitusjaerelvalve-ropka-toeoestuspark-KMT-001-500x375.jpg\" data-width=\"500\" data-height=\"375\" aria-label=\"Ropka t\u00f6\u00f6stuspargi t\u00e4navad ja tehnov\u00f5rgud\" role=\"img\" ><\/div>\n\t\t\t\t\t\t\t\t\t\t\t<div class=\"elementor-gallery-item__overlay\"><\/div>\n\t\t\t\t\t\t\t\t\t\t\t\t\t\t\t<div class=\"elementor-gallery-item__content\">\n\t\t\t\t\t\t\t\t\t\t\t\t\t\t<div class=\"elementor-gallery-item__title\">\n\t\t\t\t\t\t\t\t\t\t\t\t\t\t\t\t\t\tRopka t\u00f6\u00f6stuspargi t\u00e4navad ja tehnov\u00f5rgud\t\t\t\t\t\t\t\t<\/div>\n\t\t\t\t\t\t\t\t\t\t\t\t<\/div>\n\t\t\t\t\t\t\t\t\t<\/a>\n\t\t\t\t\t\t\t<a class=\"e-gallery-item elementor-gallery-item elementor-animated-content\" href=\"https:\/\/conviso.ee\/wp-content\/uploads\/2023\/11\/conviso-omanikujaerelvalve-ehitusjaerelvalve-sopsu-tooma-teed-ja-tehnovorgud-P8130062.jpg\" data-elementor-open-lightbox=\"yes\" data-elementor-lightbox-slideshow=\"af46d50\" data-elementor-lightbox-title=\"Sopsu-Tooma teed ja tehnov\u00f5rgud\" data-elementor-lightbox-description=\"2007\nSopsu-Tooma maa\u00fcksuse teed ja tehnov\u00f5rgud\nSopsu-Tooma tn, Keila\nEhitamise ettevalmistamine ja juhtimine tellija esindajana ning omanikuj\u00e4relevalve\nTellija: O\u00dc Marlend Invest\" data-e-action-hash=\"#elementor-action%3Aaction%3Dlightbox%26settings%3DeyJpZCI6NjExLCJ1cmwiOiJodHRwczpcL1wvY29udmlzby5lZVwvd3AtY29udGVudFwvdXBsb2Fkc1wvMjAyM1wvMTFcL2NvbnZpc28tb21hbmlrdWphZXJlbHZhbHZlLWVoaXR1c2phZXJlbHZhbHZlLXNvcHN1LXRvb21hLXRlZWQtamEtdGVobm92b3JndWQtUDgxMzAwNjIuanBnIiwic2xpZGVzaG93IjoiYWY0NmQ1MCJ9\">\n\t\t\t\t\t<div class=\"e-gallery-image elementor-gallery-item__image\" data-thumbnail=\"https:\/\/conviso.ee\/wp-content\/uploads\/2023\/11\/conviso-omanikujaerelvalve-ehitusjaerelvalve-sopsu-tooma-teed-ja-tehnovorgud-P8130062-500x375.jpg\" data-width=\"500\" data-height=\"375\" aria-label=\"Sopsu-Tooma teed ja tehnov\u00f5rgud\" role=\"img\" ><\/div>\n\t\t\t\t\t\t\t\t\t\t\t<div class=\"elementor-gallery-item__overlay\"><\/div>\n\t\t\t\t\t\t\t\t\t\t\t\t\t\t\t<div class=\"elementor-gallery-item__content\">\n\t\t\t\t\t\t\t\t\t\t\t\t\t\t<div class=\"elementor-gallery-item__title\">\n\t\t\t\t\t\t\t\t\t\t\t\t\t\t\t\t\t\tSopsu-Tooma teed ja tehnov\u00f5rgud\t\t\t\t\t\t\t\t<\/div>\n\t\t\t\t\t\t\t\t\t\t\t\t<\/div>\n\t\t\t\t\t\t\t\t\t<\/a>\n\t\t\t\t\t<\/div>\n\t\t\t\t\t<\/div>\n\t\t\t\t<\/div>\n\t\t\t\t\t<\/div>\n\t\t<\/div>\n\t\t\t\t\t<\/div>\n\t\t<\/section>\n\t\t\t\t<\/div>\n\t\t","protected":false},"excerpt":{"rendered":"<p>Infrastructure facilities DSV Transpordi AS parkla ehitus Tuulikuvundamentide tehnilise seisukorra \u00fclevaatused Ropka t\u00f6\u00f6stuspargi t\u00e4navad ja tehnov\u00f5rgud Sopsu-Tooma teed ja tehnov\u00f5rgud<\/p>\n","protected":false},"author":1,"featured_media":0,"parent":1269,"menu_order":0,"comment_status":"open","ping_status":"closed","template":"","meta":{"_monsterinsights_skip_tracking":false,"_monsterinsights_sitenote_active":false,"_monsterinsights_sitenote_note":"","_monsterinsights_sitenote_category":0,"footnotes":""},"class_list":["post-1283","page","type-page","status-publish","hentry"],"yoast_head":"<!-- This site is optimized with the Yoast SEO plugin v27.3 - https:\/\/yoast.com\/product\/yoast-seo-wordpress\/ -->\n<title>Infrastructure facilities - Conviso<\/title>\n<meta name=\"robots\" content=\"index, follow, max-snippet:-1, max-image-preview:large, max-video-preview:-1\" \/>\n<link rel=\"canonical\" href=\"https:\/\/conviso.ee\/tehtud-tood\/infrastruktuuri-rajatised\/\" \/>\n<meta property=\"og:locale\" content=\"en_US\" \/>\n<meta property=\"og:type\" content=\"article\" \/>\n<meta property=\"og:title\" content=\"Infrastructure facilities - Conviso\" \/>\n<meta property=\"og:description\" content=\"Infrastructure facilities DSV Transpordi AS parkla ehitus Tuulikuvundamentide tehnilise seisukorra \u00fclevaatused Ropka t\u00f6\u00f6stuspargi t\u00e4navad ja tehnov\u00f5rgud Sopsu-Tooma teed ja tehnov\u00f5rgud\" \/>\n<meta property=\"og:url\" content=\"https:\/\/conviso.ee\/tehtud-tood\/infrastruktuuri-rajatised\/\" \/>\n<meta property=\"og:site_name\" content=\"Conviso\" \/>\n<meta property=\"article:modified_time\" content=\"2023-12-13T08:14:19+00:00\" \/>\n<meta name=\"twitter:card\" content=\"summary_large_image\" \/>\n<script type=\"application\/ld+json\" class=\"yoast-schema-graph\">{\"@context\":\"https:\\\/\\\/schema.org\",\"@graph\":[{\"@type\":\"WebPage\",\"@id\":\"https:\\\/\\\/conviso.ee\\\/tehtud-tood\\\/infrastruktuuri-rajatised\\\/\",\"url\":\"https:\\\/\\\/conviso.ee\\\/tehtud-tood\\\/infrastruktuuri-rajatised\\\/\",\"name\":\"Infrastructure facilities - Conviso\",\"isPartOf\":{\"@id\":\"https:\\\/\\\/conviso.ee\\\/#website\"},\"datePublished\":\"2023-11-08T14:35:45+00:00\",\"dateModified\":\"2023-12-13T08:14:19+00:00\",\"breadcrumb\":{\"@id\":\"https:\\\/\\\/conviso.ee\\\/tehtud-tood\\\/infrastruktuuri-rajatised\\\/#breadcrumb\"},\"inLanguage\":\"en-US\",\"potentialAction\":[{\"@type\":\"ReadAction\",\"target\":[\"https:\\\/\\\/conviso.ee\\\/tehtud-tood\\\/infrastruktuuri-rajatised\\\/\"]}]},{\"@type\":\"BreadcrumbList\",\"@id\":\"https:\\\/\\\/conviso.ee\\\/tehtud-tood\\\/infrastruktuuri-rajatised\\\/#breadcrumb\",\"itemListElement\":[{\"@type\":\"ListItem\",\"position\":1,\"name\":\"Home\",\"item\":\"https:\\\/\\\/conviso.ee\\\/conviso\\\/\"},{\"@type\":\"ListItem\",\"position\":2,\"name\":\"Work done\",\"item\":\"https:\\\/\\\/conviso.ee\\\/work-done\\\/\"},{\"@type\":\"ListItem\",\"position\":3,\"name\":\"Infrastructure facilities\"}]},{\"@type\":\"WebSite\",\"@id\":\"https:\\\/\\\/conviso.ee\\\/#website\",\"url\":\"https:\\\/\\\/conviso.ee\\\/\",\"name\":\"Conviso.ee\",\"description\":\"Omanikuj\u00e4relvalve ja ehituse projektijuhtimine\",\"publisher\":{\"@id\":\"https:\\\/\\\/conviso.ee\\\/#organization\"},\"potentialAction\":[{\"@type\":\"SearchAction\",\"target\":{\"@type\":\"EntryPoint\",\"urlTemplate\":\"https:\\\/\\\/conviso.ee\\\/?s={search_term_string}\"},\"query-input\":{\"@type\":\"PropertyValueSpecification\",\"valueRequired\":true,\"valueName\":\"search_term_string\"}}],\"inLanguage\":\"en-US\"},{\"@type\":\"Organization\",\"@id\":\"https:\\\/\\\/conviso.ee\\\/#organization\",\"name\":\"Conviso\",\"url\":\"https:\\\/\\\/conviso.ee\\\/\",\"logo\":{\"@type\":\"ImageObject\",\"inLanguage\":\"en-US\",\"@id\":\"https:\\\/\\\/conviso.ee\\\/#\\\/schema\\\/logo\\\/image\\\/\",\"url\":\"https:\\\/\\\/conviso.ee\\\/wp-content\\\/uploads\\\/2024\\\/01\\\/logo-removebg-preview.png\",\"contentUrl\":\"https:\\\/\\\/conviso.ee\\\/wp-content\\\/uploads\\\/2024\\\/01\\\/logo-removebg-preview.png\",\"width\":160,\"height\":50,\"caption\":\"Conviso\"},\"image\":{\"@id\":\"https:\\\/\\\/conviso.ee\\\/#\\\/schema\\\/logo\\\/image\\\/\"}}]}<\/script>\n<!-- \/ Yoast SEO plugin. -->","yoast_head_json":{"title":"Infrastructure facilities - Conviso","robots":{"index":"index","follow":"follow","max-snippet":"max-snippet:-1","max-image-preview":"max-image-preview:large","max-video-preview":"max-video-preview:-1"},"canonical":"https:\/\/conviso.ee\/tehtud-tood\/infrastruktuuri-rajatised\/","og_locale":"en_US","og_type":"article","og_title":"Infrastructure facilities - Conviso","og_description":"Infrastructure facilities DSV Transpordi AS parkla ehitus Tuulikuvundamentide tehnilise seisukorra \u00fclevaatused Ropka t\u00f6\u00f6stuspargi t\u00e4navad ja tehnov\u00f5rgud Sopsu-Tooma teed ja tehnov\u00f5rgud","og_url":"https:\/\/conviso.ee\/tehtud-tood\/infrastruktuuri-rajatised\/","og_site_name":"Conviso","article_modified_time":"2023-12-13T08:14:19+00:00","twitter_card":"summary_large_image","schema":{"@context":"https:\/\/schema.org","@graph":[{"@type":"WebPage","@id":"https:\/\/conviso.ee\/tehtud-tood\/infrastruktuuri-rajatised\/","url":"https:\/\/conviso.ee\/tehtud-tood\/infrastruktuuri-rajatised\/","name":"Infrastructure facilities - Conviso","isPartOf":{"@id":"https:\/\/conviso.ee\/#website"},"datePublished":"2023-11-08T14:35:45+00:00","dateModified":"2023-12-13T08:14:19+00:00","breadcrumb":{"@id":"https:\/\/conviso.ee\/tehtud-tood\/infrastruktuuri-rajatised\/#breadcrumb"},"inLanguage":"en-US","potentialAction":[{"@type":"ReadAction","target":["https:\/\/conviso.ee\/tehtud-tood\/infrastruktuuri-rajatised\/"]}]},{"@type":"BreadcrumbList","@id":"https:\/\/conviso.ee\/tehtud-tood\/infrastruktuuri-rajatised\/#breadcrumb","itemListElement":[{"@type":"ListItem","position":1,"name":"Home","item":"https:\/\/conviso.ee\/conviso\/"},{"@type":"ListItem","position":2,"name":"Work done","item":"https:\/\/conviso.ee\/work-done\/"},{"@type":"ListItem","position":3,"name":"Infrastructure facilities"}]},{"@type":"WebSite","@id":"https:\/\/conviso.ee\/#website","url":"https:\/\/conviso.ee\/","name":"Conviso.ee","description":"Omanikuj\u00e4relvalve ja ehituse projektijuhtimine","publisher":{"@id":"https:\/\/conviso.ee\/#organization"},"potentialAction":[{"@type":"SearchAction","target":{"@type":"EntryPoint","urlTemplate":"https:\/\/conviso.ee\/?s={search_term_string}"},"query-input":{"@type":"PropertyValueSpecification","valueRequired":true,"valueName":"search_term_string"}}],"inLanguage":"en-US"},{"@type":"Organization","@id":"https:\/\/conviso.ee\/#organization","name":"Conviso","url":"https:\/\/conviso.ee\/","logo":{"@type":"ImageObject","inLanguage":"en-US","@id":"https:\/\/conviso.ee\/#\/schema\/logo\/image\/","url":"https:\/\/conviso.ee\/wp-content\/uploads\/2024\/01\/logo-removebg-preview.png","contentUrl":"https:\/\/conviso.ee\/wp-content\/uploads\/2024\/01\/logo-removebg-preview.png","width":160,"height":50,"caption":"Conviso"},"image":{"@id":"https:\/\/conviso.ee\/#\/schema\/logo\/image\/"}}]}},"_links":{"self":[{"href":"https:\/\/conviso.ee\/en\/wp-json\/wp\/v2\/pages\/1283","targetHints":{"allow":["GET"]}}],"collection":[{"href":"https:\/\/conviso.ee\/en\/wp-json\/wp\/v2\/pages"}],"about":[{"href":"https:\/\/conviso.ee\/en\/wp-json\/wp\/v2\/types\/page"}],"author":[{"embeddable":true,"href":"https:\/\/conviso.ee\/en\/wp-json\/wp\/v2\/users\/1"}],"replies":[{"embeddable":true,"href":"https:\/\/conviso.ee\/en\/wp-json\/wp\/v2\/comments?post=1283"}],"version-history":[{"count":3,"href":"https:\/\/conviso.ee\/en\/wp-json\/wp\/v2\/pages\/1283\/revisions"}],"predecessor-version":[{"id":1286,"href":"https:\/\/conviso.ee\/en\/wp-json\/wp\/v2\/pages\/1283\/revisions\/1286"}],"up":[{"embeddable":true,"href":"https:\/\/conviso.ee\/en\/wp-json\/wp\/v2\/pages\/1269"}],"wp:attachment":[{"href":"https:\/\/conviso.ee\/en\/wp-json\/wp\/v2\/media?parent=1283"}],"curies":[{"name":"wp","href":"https:\/\/api.w.org\/{rel}","templated":true}]}}