{"id":1269,"date":"2020-10-19T12:52:33","date_gmt":"2020-10-19T12:52:33","guid":{"rendered":"https:\/\/conviso.ee\/work-done\/"},"modified":"2023-12-13T08:07:32","modified_gmt":"2023-12-13T08:07:32","slug":"work-done","status":"publish","type":"page","link":"https:\/\/conviso.ee\/en\/work-done\/","title":{"rendered":"Work done"},"content":{"rendered":"\t\t<div data-elementor-type=\"wp-page\" data-elementor-id=\"1269\" class=\"elementor elementor-1269 elementor-14\" data-elementor-post-type=\"page\">\n\t\t\t\t\t\t<section class=\"elementor-section elementor-top-section elementor-element elementor-element-e7521f2 elementor-section-full_width elementor-section-stretched elementor-section-height-default elementor-section-height-default\" data-id=\"e7521f2\" data-element_type=\"section\" data-e-type=\"section\" data-settings=\"{&quot;stretch_section&quot;:&quot;section-stretched&quot;,&quot;background_background&quot;:&quot;classic&quot;}\">\n\t\t\t\t\t\t<div class=\"elementor-container elementor-column-gap-no\">\n\t\t\t\t\t<div class=\"elementor-column elementor-col-50 elementor-top-column elementor-element elementor-element-83f4b13\" data-id=\"83f4b13\" data-element_type=\"column\" data-e-type=\"column\">\n\t\t\t<div class=\"elementor-widget-wrap elementor-element-populated\">\n\t\t\t\t\t\t<div class=\"elementor-element elementor-element-0e889ad elementor-widget elementor-widget-text-editor\" data-id=\"0e889ad\" data-element_type=\"widget\" data-e-type=\"widget\" data-widget_type=\"text-editor.default\">\n\t\t\t\t<div class=\"elementor-widget-container\">\n\t\t\t\t\t\t\t\t\t<p><span style=\"color: #ffffff;\">Work done<\/span><\/p>\n<h5><span style=\"color: #ffffff;\">Here&#8217;s a small selection of some of our work<\/span><\/h5>\n\t\t\t\t\t\t\t\t<\/div>\n\t\t\t\t<\/div>\n\t\t\t\t<div class=\"elementor-element elementor-element-47811d9 elementor-widget elementor-widget-spacer\" data-id=\"47811d9\" data-element_type=\"widget\" data-e-type=\"widget\" data-widget_type=\"spacer.default\">\n\t\t\t\t<div class=\"elementor-widget-container\">\n\t\t\t\t\t\t\t<div class=\"elementor-spacer\">\n\t\t\t<div class=\"elementor-spacer-inner\"><\/div>\n\t\t<\/div>\n\t\t\t\t\t\t<\/div>\n\t\t\t\t<\/div>\n\t\t\t\t\t<\/div>\n\t\t<\/div>\n\t\t\t\t<div class=\"elementor-column elementor-col-50 elementor-top-column elementor-element elementor-element-d02b833\" data-id=\"d02b833\" data-element_type=\"column\" data-e-type=\"column\">\n\t\t\t<div class=\"elementor-widget-wrap elementor-element-populated\">\n\t\t\t\t\t\t<div class=\"elementor-element elementor-element-ccf9a4b elementor-widget elementor-widget-spacer\" data-id=\"ccf9a4b\" data-element_type=\"widget\" data-e-type=\"widget\" data-widget_type=\"spacer.default\">\n\t\t\t\t<div class=\"elementor-widget-container\">\n\t\t\t\t\t\t\t<div class=\"elementor-spacer\">\n\t\t\t<div class=\"elementor-spacer-inner\"><\/div>\n\t\t<\/div>\n\t\t\t\t\t\t<\/div>\n\t\t\t\t<\/div>\n\t\t\t\t\t<\/div>\n\t\t<\/div>\n\t\t\t\t\t<\/div>\n\t\t<\/section>\n\t\t\t\t<section class=\"elementor-section elementor-top-section elementor-element elementor-element-1564ea41 elementor-section-stretched elementor-reverse-mobile elementor-section-boxed elementor-section-height-default elementor-section-height-default\" data-id=\"1564ea41\" data-element_type=\"section\" data-e-type=\"section\" data-settings=\"{&quot;stretch_section&quot;:&quot;section-stretched&quot;}\">\n\t\t\t\t\t\t<div class=\"elementor-container elementor-column-gap-wider\">\n\t\t\t\t\t<div class=\"elementor-column elementor-col-50 elementor-top-column elementor-element elementor-element-1787b348\" data-id=\"1787b348\" data-element_type=\"column\" data-e-type=\"column\">\n\t\t\t<div class=\"elementor-widget-wrap elementor-element-populated\">\n\t\t\t\t\t\t<section class=\"elementor-section elementor-inner-section elementor-element elementor-element-11bbf439 elementor-section-boxed elementor-section-height-default elementor-section-height-default\" data-id=\"11bbf439\" data-element_type=\"section\" data-e-type=\"section\" data-settings=\"{&quot;background_background&quot;:&quot;classic&quot;}\">\n\t\t\t\t\t\t<div class=\"elementor-container elementor-column-gap-default\">\n\t\t\t\t\t<div class=\"elementor-column elementor-col-100 elementor-inner-column elementor-element elementor-element-89767a2\" data-id=\"89767a2\" data-element_type=\"column\" data-e-type=\"column\">\n\t\t\t<div class=\"elementor-widget-wrap elementor-element-populated\">\n\t\t\t\t\t\t<div class=\"elementor-element elementor-element-6f52ab9c elementor-nav-menu__align-start elementor-nav-menu--dropdown-tablet elementor-nav-menu__text-align-aside elementor-widget elementor-widget-nav-menu\" data-id=\"6f52ab9c\" data-element_type=\"widget\" data-e-type=\"widget\" data-settings=\"{&quot;layout&quot;:&quot;vertical&quot;,&quot;submenu_icon&quot;:{&quot;value&quot;:&quot;&lt;svg aria-hidden=\\&quot;true\\&quot; class=\\&quot;e-font-icon-svg e-fas-caret-down\\&quot; viewBox=\\&quot;0 0 320 512\\&quot; xmlns=\\&quot;http:\\\/\\\/www.w3.org\\\/2000\\\/svg\\&quot;&gt;&lt;path d=\\&quot;M31.3 192h257.3c17.8 0 26.7 21.5 14.1 34.1L174.1 354.8c-7.8 7.8-20.5 7.8-28.3 0L17.2 226.1C4.6 213.5 13.5 192 31.3 192z\\&quot;&gt;&lt;\\\/path&gt;&lt;\\\/svg&gt;&quot;,&quot;library&quot;:&quot;fa-solid&quot;}}\" data-widget_type=\"nav-menu.default\">\n\t\t\t\t<div class=\"elementor-widget-container\">\n\t\t\t\t\t\t\t\t<nav aria-label=\"Menu\" class=\"elementor-nav-menu--main elementor-nav-menu__container elementor-nav-menu--layout-vertical e--pointer-underline e--animation-drop-in\">\n\t\t\t\t<ul id=\"menu-1-6f52ab9c\" class=\"elementor-nav-menu sm-vertical\"><li class=\"menu-item menu-item-type-custom menu-item-object-custom menu-item-999\"><a href=\"\/en\/work-done\/commercial-buildings\/\" class=\"elementor-item\">Commercial buildings<\/a><\/li>\n<li class=\"menu-item menu-item-type-custom menu-item-object-custom menu-item-1000\"><a href=\"\/en\/work-done\/industrial-and-production-buildings\/\" class=\"elementor-item\">Industrial and production buildings<\/a><\/li>\n<li class=\"menu-item menu-item-type-custom menu-item-object-custom menu-item-1001\"><a href=\"\/en\/work-done\/office-buildings\/\" class=\"elementor-item\">Office buildings<\/a><\/li>\n<li class=\"menu-item menu-item-type-custom menu-item-object-custom menu-item-1002\"><a href=\"\/en\/work-done\/warehouse-buildings\/\" class=\"elementor-item\">Warehouse buildings<\/a><\/li>\n<li class=\"menu-item menu-item-type-custom menu-item-object-custom menu-item-1003\"><a href=\"\/en\/work-done\/residential-buildings\/\" class=\"elementor-item\">Residential buildings<\/a><\/li>\n<li class=\"menu-item menu-item-type-custom menu-item-object-custom menu-item-1004\"><a href=\"\/en\/work-done\/public-buildings\/\" class=\"elementor-item\">Public buildings<\/a><\/li>\n<li class=\"menu-item menu-item-type-custom menu-item-object-custom menu-item-1005\"><a href=\"\/en\/work-done\/infrastructure-facilities\/\" class=\"elementor-item\">Infrastructure facilities<\/a><\/li>\n<\/ul>\t\t\t<\/nav>\n\t\t\t\t\t\t<nav class=\"elementor-nav-menu--dropdown elementor-nav-menu__container\" aria-hidden=\"true\">\n\t\t\t\t<ul id=\"menu-2-6f52ab9c\" class=\"elementor-nav-menu sm-vertical\"><li class=\"menu-item menu-item-type-custom menu-item-object-custom menu-item-999\"><a href=\"\/en\/work-done\/commercial-buildings\/\" class=\"elementor-item\" tabindex=\"-1\">Commercial buildings<\/a><\/li>\n<li class=\"menu-item menu-item-type-custom menu-item-object-custom menu-item-1000\"><a href=\"\/en\/work-done\/industrial-and-production-buildings\/\" class=\"elementor-item\" tabindex=\"-1\">Industrial and production buildings<\/a><\/li>\n<li class=\"menu-item menu-item-type-custom menu-item-object-custom menu-item-1001\"><a href=\"\/en\/work-done\/office-buildings\/\" class=\"elementor-item\" tabindex=\"-1\">Office buildings<\/a><\/li>\n<li class=\"menu-item menu-item-type-custom menu-item-object-custom menu-item-1002\"><a href=\"\/en\/work-done\/warehouse-buildings\/\" class=\"elementor-item\" tabindex=\"-1\">Warehouse buildings<\/a><\/li>\n<li class=\"menu-item menu-item-type-custom menu-item-object-custom menu-item-1003\"><a href=\"\/en\/work-done\/residential-buildings\/\" class=\"elementor-item\" tabindex=\"-1\">Residential buildings<\/a><\/li>\n<li class=\"menu-item menu-item-type-custom menu-item-object-custom menu-item-1004\"><a href=\"\/en\/work-done\/public-buildings\/\" class=\"elementor-item\" tabindex=\"-1\">Public buildings<\/a><\/li>\n<li class=\"menu-item menu-item-type-custom menu-item-object-custom menu-item-1005\"><a href=\"\/en\/work-done\/infrastructure-facilities\/\" class=\"elementor-item\" tabindex=\"-1\">Infrastructure facilities<\/a><\/li>\n<\/ul>\t\t\t<\/nav>\n\t\t\t\t\t\t<\/div>\n\t\t\t\t<\/div>\n\t\t\t\t\t<\/div>\n\t\t<\/div>\n\t\t\t\t\t<\/div>\n\t\t<\/section>\n\t\t\t\t\t<\/div>\n\t\t<\/div>\n\t\t\t\t<div class=\"elementor-column elementor-col-50 elementor-top-column elementor-element elementor-element-8491355\" data-id=\"8491355\" data-element_type=\"column\" data-e-type=\"column\">\n\t\t\t<div class=\"elementor-widget-wrap elementor-element-populated\">\n\t\t\t\t\t\t<div class=\"elementor-element elementor-element-741c337 elementor-widget elementor-widget-image-carousel\" data-id=\"741c337\" data-element_type=\"widget\" data-e-type=\"widget\" data-settings=\"{&quot;slides_to_show&quot;:&quot;1&quot;,&quot;navigation&quot;:&quot;none&quot;,&quot;pause_on_hover&quot;:&quot;no&quot;,&quot;pause_on_interaction&quot;:&quot;no&quot;,&quot;autoplay_speed&quot;:3000,&quot;effect&quot;:&quot;fade&quot;,&quot;speed&quot;:700,&quot;autoplay&quot;:&quot;yes&quot;,&quot;infinite&quot;:&quot;yes&quot;}\" data-widget_type=\"image-carousel.default\">\n\t\t\t\t<div class=\"elementor-widget-container\">\n\t\t\t\t\t\t\t<div class=\"elementor-image-carousel-wrapper swiper\" role=\"region\" aria-roledescription=\"carousel\" aria-label=\"Image Carousel\" dir=\"ltr\">\n\t\t\t<div class=\"elementor-image-carousel swiper-wrapper\" aria-live=\"off\">\n\t\t\t\t\t\t\t\t<div class=\"swiper-slide\" role=\"group\" aria-roledescription=\"slide\" aria-label=\"1 of 12\"><figure class=\"swiper-slide-inner\"><img decoding=\"async\" class=\"swiper-slide-image\" src=\"https:\/\/conviso.ee\/wp-content\/uploads\/2023\/11\/256-T1-kaubanduskeskus-02.2019-2048x1364-1.jpg\" alt=\"T1 kaubanduskeskus\" \/><figcaption class=\"elementor-image-carousel-caption\">2015-2019<br>\nT1 kaubanduskeskuse ehitus, 120 000 m2<br>\nPeterburi tee 2, Tallinn<br>\nOmanikuj\u00e4relevalve teenuse osutamine<br>\nTellija: Tallinna Moekombinaat AS<\/figcaption><\/figure><\/div><div class=\"swiper-slide\" role=\"group\" aria-roledescription=\"slide\" aria-label=\"2 of 12\"><figure class=\"swiper-slide-inner\"><img decoding=\"async\" class=\"swiper-slide-image\" src=\"https:\/\/conviso.ee\/wp-content\/uploads\/2023\/11\/258-Bengel_lao-ja-vaiketoomishoon-09.2017-scaled-1.jpg\" alt=\"Bengel lao- ja kaubandushoone\" \/><figcaption class=\"elementor-image-carousel-caption\">2015-2017 <br>\nLao- ja kaubandushoone Ropka t\u00f6\u00f6stusrajoonis, 2 900 m2 <br>\nTehnika tn 13, Tartu <br>\nProjekteerimise juhtimise ja omanikuj\u00e4relevalve teenuse osutamine<br>\nTellija: Bengel Invest O\u00dc<\/figcaption><\/figure><\/div><div class=\"swiper-slide\" role=\"group\" aria-roledescription=\"slide\" aria-label=\"3 of 12\"><figure class=\"swiper-slide-inner\"><img decoding=\"async\" class=\"swiper-slide-image\" src=\"https:\/\/conviso.ee\/wp-content\/uploads\/2023\/11\/292-VAO-Pae-76-ja-78-kaubanduskeskuse-rek-06.2019-scaled-1.jpg\" alt=\"Lasnam\u00e4e Keskuse rekonstrueerimine\" \/><figcaption class=\"elementor-image-carousel-caption\">2017-2019<br>\nKaubanduskeskuse rekonstrueerimine, 6 500 m2<br>\nPae tn 76 ja 78, Tallinn<br>\nEhitusprojekti juhtimise ja omanikuj\u00e4relevalve teenuse osutamine ehitustellija-konsultandina<br>\nTellija: V.A.O. Grupp O\u00dc<\/figcaption><\/figure><\/div><div class=\"swiper-slide\" role=\"group\" aria-roledescription=\"slide\" aria-label=\"4 of 12\"><figure class=\"swiper-slide-inner\"><img decoding=\"async\" class=\"swiper-slide-image\" src=\"https:\/\/conviso.ee\/wp-content\/uploads\/2023\/11\/319-Infotark-AS-Kadaka-tee-muugiesindus-05.2021-scaled-1.jpg\" alt=\"B\u00fcroomaailma Kadaka tee m\u00fc\u00fcgiesindus\" \/><figcaption class=\"elementor-image-carousel-caption\">2020 - 2021<br>\nB\u00fcroomaailma Kadaka tee m\u00fc\u00fcgiesinduse ehitus, 1 400 m2<br>\nKadaka tee 56b, Tallinn<br>\nProjekteerimise ettevalmistamine ja juhtimine (BIM). Ehitamise ettevalmistamine ja juhtimine. Tellija esindaja funktsioonide t\u00e4itmine. Omanikuj\u00e4relevalve<br>\nTellija: Infotark AS<\/figcaption><\/figure><\/div><div class=\"swiper-slide\" role=\"group\" aria-roledescription=\"slide\" aria-label=\"5 of 12\"><figure class=\"swiper-slide-inner\"><img decoding=\"async\" class=\"swiper-slide-image\" src=\"https:\/\/conviso.ee\/wp-content\/uploads\/2023\/11\/conviso-omanikujaerelvalve-ehitusjaerelvalve-tallinna-postimaja-rekonstrueerimine-ehitus-PM-panoraam-20140324.jpg\" alt=\"Postimaja rekonstrueerimine\" \/><figcaption class=\"elementor-image-carousel-caption\">2010 \u2013 2013<br>\nPostimaja rekonstrueerimine kaubanduskeskuseks, 11 900 m2<br>\nNarva mnt 1, Tallinn<br>\nProjekteerimise ettevalmistamine ja juhtimine (BIM). Ehitamise ettevalmistamine ja juhtimine. Tellija esindaja funktsioonide t\u00e4itmine. Maksumushinnang ja kuluj\u00e4lgimine. Omanikuj\u00e4relevalve. \u00dc\u00fcrilepingute tehnilise osa ettevalmistamine ja t\u00e4itmise j\u00e4lgimine.<br>\nTellija: Promethean O\u00dc<\/figcaption><\/figure><\/div><div class=\"swiper-slide\" role=\"group\" aria-roledescription=\"slide\" aria-label=\"6 of 12\"><figure class=\"swiper-slide-inner\"><img decoding=\"async\" class=\"swiper-slide-image\" src=\"https:\/\/conviso.ee\/wp-content\/uploads\/2023\/11\/conviso-omanikujaerelvalve-ehitusjaerelvalve-conviso-wuerth-omaniku-jaerelvalve-ja-ehitus-scaled.jpg\" alt=\"W\u00fcrth L\u00f5una-Eesti esindus\" \/><figcaption class=\"elementor-image-carousel-caption\">2011<br>\nW\u00fcrth AS L\u00f5una-Eesti esindus, 850 m2<br>\nRiia tn 175, Tartu<br>\nProjekteerimise ja ehitamise ettevalmistamine ja juhtimine ning omanikuj\u00e4relevalve<br>\nTellija: W\u00fcrth AS<\/figcaption><\/figure><\/div><div class=\"swiper-slide\" role=\"group\" aria-roledescription=\"slide\" aria-label=\"7 of 12\"><figure class=\"swiper-slide-inner\"><img decoding=\"async\" class=\"swiper-slide-image\" src=\"https:\/\/conviso.ee\/wp-content\/uploads\/2023\/11\/237-Wurth-Johvi-muugiesindus-01.2016.jpg\" alt=\"W\u00fcrth J\u00f5hvi m\u00fc\u00fcgiesindus\" \/><figcaption class=\"elementor-image-carousel-caption\">2014-2015<br>\nW\u00fcrth AS J\u00f5hvi m\u00fc\u00fcgiesinduse ehitus, 600 m2<br>\nJaama tn 49, J\u00f5hvi, Ida-Virumaa<br>\nEhituse peat\u00f6\u00f6v\u00f5tu pakkumusk\u00fcsitluse l\u00e4biviimine<br>\nTellija: W\u00fcrth AS<\/figcaption><\/figure><\/div><div class=\"swiper-slide\" role=\"group\" aria-roledescription=\"slide\" aria-label=\"8 of 12\"><figure class=\"swiper-slide-inner\"><img decoding=\"async\" class=\"swiper-slide-image\" src=\"https:\/\/conviso.ee\/wp-content\/uploads\/2023\/11\/149-Mustika-kaubanduskeskuse-renoveerimine-ja-laiendamine-03.2011-scaled-1.jpg\" alt=\"Kaubanduskeskuse \u201eMustikas\u201c renoveerimine ja laiendamine\" \/><figcaption class=\"elementor-image-carousel-caption\">2009 - 2010<br>\nKaubanduskeskuse \u201eMustikas\u201c renoveerimine ja laiendamine, 13 900 m2<br>\nTammsaare tee 116, Tallinn<br>\nProjekteerimise juhtimine ja omanikuj\u00e4relevalve teenuse osutamine<br>\nTellija: Combinent O\u00dc<\/figcaption><\/figure><\/div><div class=\"swiper-slide\" role=\"group\" aria-roledescription=\"slide\" aria-label=\"9 of 12\"><figure class=\"swiper-slide-inner\"><img decoding=\"async\" class=\"swiper-slide-image\" src=\"https:\/\/conviso.ee\/wp-content\/uploads\/2023\/11\/108-scaled-1.jpg\" alt=\"B\u00fcroomaailma lao- ja kauplusehoone juurdeehitus\" \/><figcaption class=\"elementor-image-carousel-caption\">2007 - 2009<br>\nB\u00fcroomaailma lao- ja kauplusehoone juurdeehitus, 6 900 m2<br>\nPeterburi tee 92e, Tallinn<br>\nProjekteerimise ja ehitamise ettevalmistamine ja juhtimine tellija esindajana ning omanikuj\u00e4relevalve<br>\nTellija: Infotark AS<\/figcaption><\/figure><\/div><div class=\"swiper-slide\" role=\"group\" aria-roledescription=\"slide\" aria-label=\"10 of 12\"><figure class=\"swiper-slide-inner\"><img decoding=\"async\" class=\"swiper-slide-image\" src=\"https:\/\/conviso.ee\/wp-content\/uploads\/2023\/11\/145-Haabersti-K-Rauta-kaupluse-laiendus-07.2009-2-scaled-1.jpg\" alt=\"Haabersti K-Rauta ehitusmaterjalide kaupluse laiendus ja \u00fcmberehitus\" \/><figcaption class=\"elementor-image-carousel-caption\">2009 - 2010<br>\nHaabersti K-Rauta ehitusmaterjalide kaupluse laiendus ja \u00fcmberehitus<br>\nPaldiski mnt 108a, Tallinn<br>\nOmanikuj\u00e4relevalve teenuse osutamine<br>\nTellija: Fiesta Real Estate AS<\/figcaption><\/figure><\/div><div class=\"swiper-slide\" role=\"group\" aria-roledescription=\"slide\" aria-label=\"11 of 12\"><figure class=\"swiper-slide-inner\"><img decoding=\"async\" class=\"swiper-slide-image\" src=\"https:\/\/conviso.ee\/wp-content\/uploads\/2023\/11\/222-Wurth-Viljandi-esindus-ehitushanke-labiviimine-09.2014-scaled-1.jpg\" alt=\"W\u00fcrth Viljandi m\u00fc\u00fcgiesindus\" \/><figcaption class=\"elementor-image-carousel-caption\">2014<br>\nW\u00fcrth AS Viljandi m\u00fc\u00fcgiesinduse ehitus, 600 m2<br>\nReinu tee 23, Viljandi<br>\nEhituse peat\u00f6\u00f6v\u00f5tu pakkumusk\u00fcsitluse l\u00e4biviimine<br>\nTellija: W\u00fcrth AS<\/figcaption><\/figure><\/div><div class=\"swiper-slide\" role=\"group\" aria-roledescription=\"slide\" aria-label=\"12 of 12\"><figure class=\"swiper-slide-inner\"><img decoding=\"async\" class=\"swiper-slide-image\" src=\"https:\/\/conviso.ee\/wp-content\/uploads\/2023\/11\/223-Wurth-Veerenni-03.2015-scaled-1.jpg\" alt=\"W\u00fcrth Veerenni m\u00fc\u00fcgiesindus\" \/><figcaption class=\"elementor-image-carousel-caption\">2014-2015<br>\nW\u00fcrth AS Veerenni m\u00fc\u00fcgiesinduse ehitus, 1 100 m2<br>\nVarre tn 1, Tallinn<br>\nProjekteerimise ja ehitamise ettevalmistamine ja juhtimine ning omanikuj\u00e4relevalve<br>\nTellija: W\u00fcrth AS<\/figcaption><\/figure><\/div>\t\t\t<\/div>\n\t\t\t\t\t\t\t\n\t\t\t\t\t\t\t\t\t<\/div>\n\t\t\t\t\t\t<\/div>\n\t\t\t\t<\/div>\n\t\t\t\t\t<\/div>\n\t\t<\/div>\n\t\t\t\t\t<\/div>\n\t\t<\/section>\n\t\t\t\t<\/div>\n\t\t","protected":false},"excerpt":{"rendered":"<p>Work done Here&#8217;s a small selection of some of our work 2015-2019 T1 kaubanduskeskuse ehitus, 120 000 m2 Peterburi tee 2, Tallinn Omanikuj\u00e4relevalve teenuse osutamine Tellija:<span class=\"excerpt-hellip\"> [\u2026]<\/span><\/p>\n","protected":false},"author":1,"featured_media":0,"parent":0,"menu_order":0,"comment_status":"open","ping_status":"closed","template":"","meta":{"_monsterinsights_skip_tracking":false,"_monsterinsights_sitenote_active":false,"_monsterinsights_sitenote_note":"","_monsterinsights_sitenote_category":0,"footnotes":""},"class_list":["post-1269","page","type-page","status-publish","hentry"],"yoast_head":"<!-- This site is optimized with the Yoast SEO plugin v27.3 - https:\/\/yoast.com\/product\/yoast-seo-wordpress\/ -->\n<title>Work done - Conviso<\/title>\n<meta name=\"robots\" content=\"index, follow, max-snippet:-1, max-image-preview:large, max-video-preview:-1\" \/>\n<link rel=\"canonical\" href=\"https:\/\/conviso.ee\/work-done\/\" \/>\n<meta property=\"og:locale\" content=\"en_US\" \/>\n<meta property=\"og:type\" content=\"article\" \/>\n<meta property=\"og:title\" content=\"Work done - Conviso\" \/>\n<meta property=\"og:description\" content=\"Work done Here&#8217;s a small selection of some of our work 2015-2019 T1 kaubanduskeskuse ehitus, 120 000 m2 Peterburi tee 2, Tallinn Omanikuj\u00e4relevalve teenuse osutamine Tellija: [\u2026]\" \/>\n<meta property=\"og:url\" content=\"https:\/\/conviso.ee\/work-done\/\" \/>\n<meta property=\"og:site_name\" content=\"Conviso\" \/>\n<meta property=\"article:modified_time\" content=\"2023-12-13T08:07:32+00:00\" \/>\n<meta property=\"og:image\" content=\"https:\/\/conviso.ee\/wp-content\/uploads\/2023\/11\/256-T1-kaubanduskeskus-02.2019-2048x1364-1.jpg\" \/>\n<meta name=\"twitter:card\" content=\"summary_large_image\" \/>\n<meta name=\"twitter:label1\" content=\"Est. reading time\" \/>\n\t<meta name=\"twitter:data1\" content=\"2 minutes\" \/>\n<script type=\"application\/ld+json\" class=\"yoast-schema-graph\">{\"@context\":\"https:\\\/\\\/schema.org\",\"@graph\":[{\"@type\":\"WebPage\",\"@id\":\"https:\\\/\\\/conviso.ee\\\/work-done\\\/\",\"url\":\"https:\\\/\\\/conviso.ee\\\/work-done\\\/\",\"name\":\"Work done - Conviso\",\"isPartOf\":{\"@id\":\"https:\\\/\\\/conviso.ee\\\/#website\"},\"primaryImageOfPage\":{\"@id\":\"https:\\\/\\\/conviso.ee\\\/work-done\\\/#primaryimage\"},\"image\":{\"@id\":\"https:\\\/\\\/conviso.ee\\\/work-done\\\/#primaryimage\"},\"thumbnailUrl\":\"https:\\\/\\\/conviso.ee\\\/wp-content\\\/uploads\\\/2023\\\/11\\\/256-T1-kaubanduskeskus-02.2019-2048x1364-1.jpg\",\"datePublished\":\"2020-10-19T12:52:33+00:00\",\"dateModified\":\"2023-12-13T08:07:32+00:00\",\"breadcrumb\":{\"@id\":\"https:\\\/\\\/conviso.ee\\\/work-done\\\/#breadcrumb\"},\"inLanguage\":\"en-US\",\"potentialAction\":[{\"@type\":\"ReadAction\",\"target\":[\"https:\\\/\\\/conviso.ee\\\/work-done\\\/\"]}]},{\"@type\":\"ImageObject\",\"inLanguage\":\"en-US\",\"@id\":\"https:\\\/\\\/conviso.ee\\\/work-done\\\/#primaryimage\",\"url\":\"https:\\\/\\\/conviso.ee\\\/wp-content\\\/uploads\\\/2023\\\/11\\\/256-T1-kaubanduskeskus-02.2019-2048x1364-1.jpg\",\"contentUrl\":\"https:\\\/\\\/conviso.ee\\\/wp-content\\\/uploads\\\/2023\\\/11\\\/256-T1-kaubanduskeskus-02.2019-2048x1364-1.jpg\"},{\"@type\":\"BreadcrumbList\",\"@id\":\"https:\\\/\\\/conviso.ee\\\/work-done\\\/#breadcrumb\",\"itemListElement\":[{\"@type\":\"ListItem\",\"position\":1,\"name\":\"Home\",\"item\":\"https:\\\/\\\/conviso.ee\\\/conviso\\\/\"},{\"@type\":\"ListItem\",\"position\":2,\"name\":\"Work done\"}]},{\"@type\":\"WebSite\",\"@id\":\"https:\\\/\\\/conviso.ee\\\/#website\",\"url\":\"https:\\\/\\\/conviso.ee\\\/\",\"name\":\"Conviso.ee\",\"description\":\"Omanikuj\u00e4relvalve ja ehituse projektijuhtimine\",\"publisher\":{\"@id\":\"https:\\\/\\\/conviso.ee\\\/#organization\"},\"potentialAction\":[{\"@type\":\"SearchAction\",\"target\":{\"@type\":\"EntryPoint\",\"urlTemplate\":\"https:\\\/\\\/conviso.ee\\\/?s={search_term_string}\"},\"query-input\":{\"@type\":\"PropertyValueSpecification\",\"valueRequired\":true,\"valueName\":\"search_term_string\"}}],\"inLanguage\":\"en-US\"},{\"@type\":\"Organization\",\"@id\":\"https:\\\/\\\/conviso.ee\\\/#organization\",\"name\":\"Conviso\",\"url\":\"https:\\\/\\\/conviso.ee\\\/\",\"logo\":{\"@type\":\"ImageObject\",\"inLanguage\":\"en-US\",\"@id\":\"https:\\\/\\\/conviso.ee\\\/#\\\/schema\\\/logo\\\/image\\\/\",\"url\":\"https:\\\/\\\/conviso.ee\\\/wp-content\\\/uploads\\\/2024\\\/01\\\/logo-removebg-preview.png\",\"contentUrl\":\"https:\\\/\\\/conviso.ee\\\/wp-content\\\/uploads\\\/2024\\\/01\\\/logo-removebg-preview.png\",\"width\":160,\"height\":50,\"caption\":\"Conviso\"},\"image\":{\"@id\":\"https:\\\/\\\/conviso.ee\\\/#\\\/schema\\\/logo\\\/image\\\/\"}}]}<\/script>\n<!-- \/ Yoast SEO plugin. -->","yoast_head_json":{"title":"Work done - Conviso","robots":{"index":"index","follow":"follow","max-snippet":"max-snippet:-1","max-image-preview":"max-image-preview:large","max-video-preview":"max-video-preview:-1"},"canonical":"https:\/\/conviso.ee\/work-done\/","og_locale":"en_US","og_type":"article","og_title":"Work done - Conviso","og_description":"Work done Here&#8217;s a small selection of some of our work 2015-2019 T1 kaubanduskeskuse ehitus, 120 000 m2 Peterburi tee 2, Tallinn Omanikuj\u00e4relevalve teenuse osutamine Tellija: [\u2026]","og_url":"https:\/\/conviso.ee\/work-done\/","og_site_name":"Conviso","article_modified_time":"2023-12-13T08:07:32+00:00","og_image":[{"url":"https:\/\/conviso.ee\/wp-content\/uploads\/2023\/11\/256-T1-kaubanduskeskus-02.2019-2048x1364-1.jpg","type":"","width":"","height":""}],"twitter_card":"summary_large_image","twitter_misc":{"Est. reading time":"2 minutes"},"schema":{"@context":"https:\/\/schema.org","@graph":[{"@type":"WebPage","@id":"https:\/\/conviso.ee\/work-done\/","url":"https:\/\/conviso.ee\/work-done\/","name":"Work done - Conviso","isPartOf":{"@id":"https:\/\/conviso.ee\/#website"},"primaryImageOfPage":{"@id":"https:\/\/conviso.ee\/work-done\/#primaryimage"},"image":{"@id":"https:\/\/conviso.ee\/work-done\/#primaryimage"},"thumbnailUrl":"https:\/\/conviso.ee\/wp-content\/uploads\/2023\/11\/256-T1-kaubanduskeskus-02.2019-2048x1364-1.jpg","datePublished":"2020-10-19T12:52:33+00:00","dateModified":"2023-12-13T08:07:32+00:00","breadcrumb":{"@id":"https:\/\/conviso.ee\/work-done\/#breadcrumb"},"inLanguage":"en-US","potentialAction":[{"@type":"ReadAction","target":["https:\/\/conviso.ee\/work-done\/"]}]},{"@type":"ImageObject","inLanguage":"en-US","@id":"https:\/\/conviso.ee\/work-done\/#primaryimage","url":"https:\/\/conviso.ee\/wp-content\/uploads\/2023\/11\/256-T1-kaubanduskeskus-02.2019-2048x1364-1.jpg","contentUrl":"https:\/\/conviso.ee\/wp-content\/uploads\/2023\/11\/256-T1-kaubanduskeskus-02.2019-2048x1364-1.jpg"},{"@type":"BreadcrumbList","@id":"https:\/\/conviso.ee\/work-done\/#breadcrumb","itemListElement":[{"@type":"ListItem","position":1,"name":"Home","item":"https:\/\/conviso.ee\/conviso\/"},{"@type":"ListItem","position":2,"name":"Work done"}]},{"@type":"WebSite","@id":"https:\/\/conviso.ee\/#website","url":"https:\/\/conviso.ee\/","name":"Conviso.ee","description":"Omanikuj\u00e4relvalve ja ehituse projektijuhtimine","publisher":{"@id":"https:\/\/conviso.ee\/#organization"},"potentialAction":[{"@type":"SearchAction","target":{"@type":"EntryPoint","urlTemplate":"https:\/\/conviso.ee\/?s={search_term_string}"},"query-input":{"@type":"PropertyValueSpecification","valueRequired":true,"valueName":"search_term_string"}}],"inLanguage":"en-US"},{"@type":"Organization","@id":"https:\/\/conviso.ee\/#organization","name":"Conviso","url":"https:\/\/conviso.ee\/","logo":{"@type":"ImageObject","inLanguage":"en-US","@id":"https:\/\/conviso.ee\/#\/schema\/logo\/image\/","url":"https:\/\/conviso.ee\/wp-content\/uploads\/2024\/01\/logo-removebg-preview.png","contentUrl":"https:\/\/conviso.ee\/wp-content\/uploads\/2024\/01\/logo-removebg-preview.png","width":160,"height":50,"caption":"Conviso"},"image":{"@id":"https:\/\/conviso.ee\/#\/schema\/logo\/image\/"}}]}},"_links":{"self":[{"href":"https:\/\/conviso.ee\/en\/wp-json\/wp\/v2\/pages\/1269","targetHints":{"allow":["GET"]}}],"collection":[{"href":"https:\/\/conviso.ee\/en\/wp-json\/wp\/v2\/pages"}],"about":[{"href":"https:\/\/conviso.ee\/en\/wp-json\/wp\/v2\/types\/page"}],"author":[{"embeddable":true,"href":"https:\/\/conviso.ee\/en\/wp-json\/wp\/v2\/users\/1"}],"replies":[{"embeddable":true,"href":"https:\/\/conviso.ee\/en\/wp-json\/wp\/v2\/comments?post=1269"}],"version-history":[{"count":3,"href":"https:\/\/conviso.ee\/en\/wp-json\/wp\/v2\/pages\/1269\/revisions"}],"predecessor-version":[{"id":1272,"href":"https:\/\/conviso.ee\/en\/wp-json\/wp\/v2\/pages\/1269\/revisions\/1272"}],"wp:attachment":[{"href":"https:\/\/conviso.ee\/en\/wp-json\/wp\/v2\/media?parent=1269"}],"curies":[{"name":"wp","href":"https:\/\/api.w.org\/{rel}","templated":true}]}}