{"id":1033,"date":"2023-11-08T14:48:17","date_gmt":"2023-11-08T14:48:17","guid":{"rendered":"https:\/\/conviso.ee\/references\/"},"modified":"2023-12-08T12:19:33","modified_gmt":"2023-12-08T12:19:33","slug":"references","status":"publish","type":"page","link":"https:\/\/conviso.ee\/en\/references\/","title":{"rendered":"References"},"content":{"rendered":"\t\t<div data-elementor-type=\"wp-page\" data-elementor-id=\"1033\" class=\"elementor elementor-1033 elementor-258\" data-elementor-post-type=\"page\">\n\t\t\t\t\t\t<section class=\"elementor-section elementor-top-section elementor-element elementor-element-11885b81 elementor-section-full_width elementor-section-stretched elementor-section-height-default elementor-section-height-default\" data-id=\"11885b81\" data-element_type=\"section\" data-e-type=\"section\" data-settings=\"{&quot;stretch_section&quot;:&quot;section-stretched&quot;,&quot;background_background&quot;:&quot;classic&quot;}\">\n\t\t\t\t\t\t<div class=\"elementor-container elementor-column-gap-no\">\n\t\t\t\t\t<div class=\"elementor-column elementor-col-50 elementor-top-column elementor-element elementor-element-4ef43d94\" data-id=\"4ef43d94\" data-element_type=\"column\" data-e-type=\"column\">\n\t\t\t<div class=\"elementor-widget-wrap elementor-element-populated\">\n\t\t\t\t\t\t<div class=\"elementor-element elementor-element-6da25619 elementor-widget elementor-widget-text-editor\" data-id=\"6da25619\" data-element_type=\"widget\" data-e-type=\"widget\" data-widget_type=\"text-editor.default\">\n\t\t\t\t<div class=\"elementor-widget-container\">\n\t\t\t\t\t\t\t\t\t<p>References<\/p>\n\t\t\t\t\t\t\t\t<\/div>\n\t\t\t\t<\/div>\n\t\t\t\t<div class=\"elementor-element elementor-element-7f264c93 elementor-widget elementor-widget-spacer\" data-id=\"7f264c93\" data-element_type=\"widget\" data-e-type=\"widget\" data-widget_type=\"spacer.default\">\n\t\t\t\t<div class=\"elementor-widget-container\">\n\t\t\t\t\t\t\t<div class=\"elementor-spacer\">\n\t\t\t<div class=\"elementor-spacer-inner\"><\/div>\n\t\t<\/div>\n\t\t\t\t\t\t<\/div>\n\t\t\t\t<\/div>\n\t\t\t\t\t<\/div>\n\t\t<\/div>\n\t\t\t\t<div class=\"elementor-column elementor-col-50 elementor-top-column elementor-element elementor-element-75a91de8\" data-id=\"75a91de8\" data-element_type=\"column\" data-e-type=\"column\">\n\t\t\t<div class=\"elementor-widget-wrap elementor-element-populated\">\n\t\t\t\t\t\t<div class=\"elementor-element elementor-element-78648337 elementor-widget elementor-widget-spacer\" data-id=\"78648337\" data-element_type=\"widget\" data-e-type=\"widget\" data-widget_type=\"spacer.default\">\n\t\t\t\t<div class=\"elementor-widget-container\">\n\t\t\t\t\t\t\t<div class=\"elementor-spacer\">\n\t\t\t<div class=\"elementor-spacer-inner\"><\/div>\n\t\t<\/div>\n\t\t\t\t\t\t<\/div>\n\t\t\t\t<\/div>\n\t\t\t\t\t<\/div>\n\t\t<\/div>\n\t\t\t\t\t<\/div>\n\t\t<\/section>\n\t\t\t\t<section class=\"elementor-section elementor-top-section elementor-element elementor-element-1564ea41 elementor-section-content-bottom elementor-section-stretched elementor-reverse-mobile elementor-section-boxed elementor-section-height-default elementor-section-height-default\" data-id=\"1564ea41\" data-element_type=\"section\" data-e-type=\"section\" data-settings=\"{&quot;stretch_section&quot;:&quot;section-stretched&quot;}\">\n\t\t\t\t\t\t<div class=\"elementor-container elementor-column-gap-wider\">\n\t\t\t\t\t<div class=\"elementor-column elementor-col-100 elementor-top-column elementor-element elementor-element-8491355\" data-id=\"8491355\" data-element_type=\"column\" data-e-type=\"column\">\n\t\t\t<div class=\"elementor-widget-wrap elementor-element-populated\">\n\t\t\t\t\t\t<div class=\"elementor-element elementor-element-c9de247 elementor-widget elementor-widget-mfn_tabs\" data-id=\"c9de247\" data-element_type=\"widget\" data-e-type=\"widget\" data-widget_type=\"mfn_tabs.default\">\n\t\t\t\t<div class=\"elementor-widget-container\">\n\t\t\t\t\t<div class=\"jq-tabs tabs_wrapper tabs_vertical\"><ul><li><a href=\"#tab-69db6ba5efccd-1\">Commercial buildings<\/a><\/li><li><a href=\"#tab-69db6ba5efccd-2\">Industrial and production buildings<\/a><\/li><li><a href=\"#tab-69db6ba5efccd-3\">Office buildings<\/a><\/li><li><a href=\"#tab-69db6ba5efccd-4\">Warehouse buildings<\/a><\/li><li><a href=\"#tab-69db6ba5efccd-5\">Residential buildings<\/a><\/li><li><a href=\"#tab-69db6ba5efccd-6\">Public buildings<\/a><\/li><li><a href=\"#tab-69db6ba5efccd-7\">Infrastructure facilities<\/a><\/li><\/ul><div id=\"tab-69db6ba5efccd-1\" ><ol>\n<li><strong>B\u00fcroomaailma Kadaka tee m\u00fc\u00fcgiesindus<\/strong><br \/>Projekteerimise ettevalmistamine ja juhtimine (BIM). Ehitamise ettevalmistamine ja juhtimine. Tellija esindaja funktsioonide t\u00e4itmine. Omanikuj\u00e4relevalve.<\/li>\n<li><strong>T1 kaubanduskeskus<\/strong><br \/>Omanikuj\u00e4relevalve teenuse osutamine<\/li>\n<li><strong>Lasnam\u00e4e Keskuse rekonstrueerimine<\/strong><br \/>Ehitusprojekti juhtimise ja omanikuj\u00e4relevalve teenuse osutamine ehitustellija-konsultandina<\/li>\n<li><strong>Bengel lao- ja kaubandushoone<\/strong><br \/>Projekteerimise juhtimise ja omanikuj\u00e4relevalve teenuse osutamine<\/li>\n<li><strong>B\u00fcroomaailma Tartu m\u00fc\u00fcgiesindus<\/strong><br \/>Projekteerimise ettevalmistamine ja juhtimine. Ehitamise ettevalmistamine ja juhtimine. Tellija esindaja funktsioonide t\u00e4itmine<\/li>\n<li><strong>W\u00fcrth Veerenni m\u00fc\u00fcgiesindus<\/strong><br \/>Projekteerimise ja ehitamise ettevalmistamine ja juhtimine ning omanikuj\u00e4relevalve<\/li>\n<li><strong>W\u00fcrth J\u00f5hvi m\u00fc\u00fcgiesindus<\/strong><br \/>Ehituse peat\u00f6\u00f6v\u00f5tu pakkumusk\u00fcsitluse l\u00e4biviimine<\/li>\n<li><strong>W\u00fcrth Viljandi m\u00fc\u00fcgiesindus<\/strong><br \/>Ehituse peat\u00f6\u00f6v\u00f5tu pakkumusk\u00fcsitluse l\u00e4biviimine<\/li>\n<li><strong>Postimaja rekonstrueerimine<\/strong><br \/>Projekteerimise ettevalmistamine ja juhtimine (BIM). Ehitamise ettevalmistamine ja juhtimine. Tellija esindaja funktsioonide t\u00e4itmine. Maksumushinnang ja kuluj\u00e4lgimine. Omanikuj\u00e4relevalve. \u00dc\u00fcrilepingute tehnilise osa ettevalmistamine ja t\u00e4itmise j\u00e4lgimine.<\/li>\n<li><strong>W\u00fcrth L\u00f5una-Eesti esindus<\/strong><br \/>Projekteerimise ja ehitamise ettevalmistamine ja juhtimine ning omanikuj\u00e4relevalve<\/li>\n<li><strong>Aardla Hulgikaup<\/strong><br \/>Projekteerimise ja ehitamise juhtimine tellija esindajana ning omanikuj\u00e4relevalve<\/li>\n<li><strong>Haabersti K-Rauta ehitusmaterjalide kaupluse laiendus ja \u00fcmberehitus<\/strong><br \/>Omanikuj\u00e4relevalve teenuse osutamine<\/li>\n<li><strong>Kaubanduskeskuse \u201eMustikas\u201c renoveerimine ja laiendamine<\/strong><br \/>Projekteerimise juhtimine ja omanikuj\u00e4relevalve teenuse osutamine<\/li>\n<li><strong>B\u00fcroomaailma lao- ja kauplusehoone juurdeehitus<\/strong><br \/>Projekteerimise ja ehitamise ettevalmistamine ja juhtimine tellija esindajana ning omanikuj\u00e4relevalve<\/li>\n<\/ol>\n<\/div><div id=\"tab-69db6ba5efccd-2\" ><ol>\n<li><strong>E-Piim tootmishoone<\/strong><br \/>Projekteerimise ettevalmistamine ja juhtimine (BIM). Ehitamise ettevalmistamine ja juhtimine. Tellija esindaja funktsioonide t\u00e4itmine. Maksumushinnang ja kuluj\u00e4lgimine.<\/li>\n<li><strong>Lunden Food tootmishoone kontoriruumide laiendus<\/strong><br \/>Projekteerimise ja ehitamise juhtimine tellija esindajana ja omanikuj\u00e4relevalve<\/li>\n<li><strong>Suur-Paala tn 19 tootmishoone<\/strong><br \/>Omanikuj\u00e4relevalve teenuse osutamine<\/li>\n<li><strong>Nordic Group H\u00e4rmaka tootmishoone juurdeehitus<\/strong><br \/>Ehitusprojekti juhtimine ja j\u00e4relevalve ehitustellija-konsultandi \u00fclesannetes<\/li>\n<li><strong>A&amp;R Carton tootmishoone<\/strong><br \/>Ehitustellija-konsultandi ja omanikuj\u00e4relevalve teenuse osutamine<\/li>\n<li><strong>Karl Storz tootmishoone<\/strong><br \/>Ehitusprojekti juhtimine ja j\u00e4relevalve ehitustellija-konsultandi \u00fclesannetes<\/li>\n<li><strong>Lunden Food tootmisruumide laiendamine<\/strong><br \/>Projekteerimise ja ehitamise juhtimine tellija esindajana ja omanikuj\u00e4relevalve<\/li>\n<li><strong>Paneeli tn 2\/1 lao- ja tootmishoone<\/strong><br \/>Ehitustellija-konsultandi ja omanikuj\u00e4relevalve teenuse osutamine<\/li>\n<li><strong>Fazer Amica teenindusk\u00f6\u00f6k<\/strong><br \/>Projekteerimise ja ehitamise juhtimine tellija esindajana ja omanikuj\u00e4relevalve<\/li>\n<li><strong>Lunden Food toiduainetet\u00f6\u00f6stuse tootmishoone<\/strong><br \/>Projekteerimise juhtimine, ehitamise ettevalmistamine ja juhtimine tellija esindajana ning omanikuj\u00e4relevalve<\/li>\n<li><strong>Volvo veoautode P\u00e4rnu teeninduskeskus<\/strong><br \/>Omanikuj\u00e4relevalve teenuse osutamin<\/li>\n<li><strong>Volvo veoautode Tallinna teeninduskeskus<\/strong><br \/>Projekteerimise juhtimine, ehitamise ettevalmistamine ja juhtimine tellija esindajana ning omanikuj\u00e4relevalve<\/li>\n<\/ol>\n<\/div><div id=\"tab-69db6ba5efccd-3\" ><ol>\n<li><strong>Tartu mnt 1 28-korruseline \u00e4rihoone<\/strong><br \/>Projekteerimise juhtimine tellija esindajana<\/li>\n<li><strong>P\u00e4rnu mnt 113 13-korruseline \u00e4rihoone<\/strong><br \/>Omanikuj\u00e4relevalve teenuse osutamine<\/li>\n<li><strong>Twilio b\u00fcrooruumide ehitus<\/strong><br \/>Projekteerimise ja ehitamise juhtimine tellija esindajana ning omanikuj\u00e4relevalve<\/li>\n<li><strong>Peterburi tee 47c \u00e4ri- ja b\u00fcroohoone<\/strong><br \/>Omanikuj\u00e4relevalve teenuse osutamine<\/li>\n<li><strong>Statistikaameti b\u00fcroohoone<\/strong><br \/>Omanikuj\u00e4relevalve teenuse osutamine<\/li>\n<li><strong>Nordea maja<\/strong><br \/>Omanikuj\u00e4relevalveteenuse osutamine<\/li>\n<li><strong>Eesti Raudtee b\u00fcroohoone<\/strong><br \/>Omanikuj\u00e4relevalveteenuse osutamine<\/li>\n<li><strong>25- ja 8-korruselised b\u00fcroohooned ning parkimismaja Klaipedas<\/strong><br \/>Projekteerimise ettevalmistamine ja juhtimine<\/li>\n<li><strong>26-korruseline b\u00fcroohoone \"Spice birojs\" Riias<\/strong><br \/>Konstruktsiooniosa ja geotehnika p\u00f5hiprojekti ekspertiis ja konstruktsiooniosa projekteerimise juhtimine<\/li>\n<li><strong>Laeva 2 b\u00fcroohoone<\/strong><br \/>Tarindite p\u00f5hiprojekti ekspertiis<\/li>\n<li><strong>RIMI b\u00fcroohoone laiendus<\/strong><br \/>Projekteerimise ja ehitamise juhtimine tellija esindajana ning omanikuj\u00e4relevalve<\/li>\n<li><strong>HP b\u00fcrooruumide ehitus<\/strong><br \/>Omanikuj\u00e4relevalveteenuse osutamine<\/li>\n<\/ol>\n<\/div><div id=\"tab-69db6ba5efccd-4\" ><ol>\n<li><strong>Lao- ja tootmishoone Nehatu Tehnopargis<\/strong><br \/>Omanikuj\u00e4relevalve teenuse osutamine<\/li>\n<li><strong>W\u00fcrth Assaku III etapp<\/strong><br \/>Projektijuhtimise ja omanikuj\u00e4relevalve teenuse osutamine ehitustellija-konsultandina<\/li>\n<li><strong>Lao- ja tootmishoone Nehatu Tehnopargis<\/strong><br \/>Omanikuj\u00e4relevalve teenuse osutamine<\/li>\n<li><strong>RRK lao- ja tootmishoone<\/strong><br \/>Projekteerimise ja ehitamise ettevalmistamine ja juhtimine tellija esindajana ning omanikuj\u00e4relevalve<\/li>\n<li><strong>Lao- ja tootmishoone Nehatu Tehnopargis<\/strong><br \/>Omanikuj\u00e4relevalve teenuse osutamine<\/li>\n<li><strong>DHL logistikakeskuse II etapp<\/strong><br \/>Projekteerimise ja ehitamise ettevalmistamine ja juhtimine tellija esindajana ning omanikuj\u00e4relevalve<\/li>\n<li><strong>Via 3L logistikakeskuse II etapp<\/strong><br \/>Projekteerimise ja ehitamise ettevalmistamine ja juhtimine tellija esindajana ning omanikuj\u00e4rele-valve<\/li>\n<li><strong>Lao- ja tootmishoone Ropka t\u00f6\u00f6stuspargis<\/strong><br \/>Projekteerimise ja ehitamise ettevalmistamine ja juhtimine tellija esindajana ning omanikuj\u00e4relevalve<\/li>\n<li><strong>Via 3L k\u00fclmlao remondit\u00f6\u00f6d<\/strong><br \/>Remondit\u00f6\u00f6de ettevalmistamine ja juhtimine tellija esindajana ning omanikuj\u00e4relevalve<\/li>\n<li><strong>DHL logistikakeskuse I etapp<\/strong><br \/>Projekteerimise ja ehitamise ettevalmistamine ja juhtimine tellija esindajana ning omanikuj\u00e4relevalve<\/li>\n<li><strong>W\u00fcrth Assaku II etapp<\/strong><br \/>Projekteerimise ja ehitamise ettevalmistamine ja juhtimine ning omanikuj\u00e4relevalve<\/li>\n<li><strong>Via 3L logistikakeskuse I etapp<\/strong><br \/>Projekteerimise ja ehitamise ettevalmistamine ja juhtimine ning omanikuj\u00e4relevalve<\/li>\n<\/ol>\n<\/div><div id=\"tab-69db6ba5efccd-5\" ><ol>\n<li><strong>Teatri Maja Residents<\/strong><br \/>Ehitamise ettevalmistamine ehitustellija-konsultandi \u00fclesannetes<\/li>\n<li><strong>Kindrali korterelamud<\/strong><br \/>Omanikuj\u00e4relevalve teenuse osutamine<\/li>\n<li><strong>Kalaranna Kvartali korterelamud<\/strong><br \/>Omanikuj\u00e4relevalve teenuse osutamine<\/li>\n<li><strong>Aiandi korterelamud<\/strong><br \/>Omanikuj\u00e4relevalve teenuse osutamine<\/li>\n<li><strong>Sammu korterelamud<\/strong><br \/>Omanikuj\u00e4relevalve teenuse osutamine<\/li>\n<li><strong>Islandile tarnitavate elumajade omanikuj\u00e4relevalve<\/strong><br \/>Tehaselise ehitamise omanikuj\u00e4relevalve Akso Haus O\u00dc tootmiskompleksis Vasalemmas<\/li>\n<li><strong>Kaselaane korterelamud<\/strong><br \/>Omanikuj\u00e4relevalve teenuse osutamine<\/li>\n<li><strong>Saani korterelamud<\/strong><br \/>Omanikuj\u00e4relevalve teenuse osutamine<\/li>\n<li><strong>Kakum\u00e4e korterelamud<\/strong><br \/>Omanikuj\u00e4relevalve teenuse osutamine<\/li>\n<li><strong>Rootsi tarnitavate rendimajade omanikuj\u00e4relevalve<\/strong><br \/>Tehaselise ehitamise omanikuj\u00e4relevalve Akso Haus O\u00dc tootmiskompleksis Vasalemmas<\/li>\n<li><strong>Soome tarnitavate rendimajade omanikuj\u00e4relevalve<\/strong><br \/>Tehaselise ehitamise omanikuj\u00e4relevalve Akso Haus O\u00dc tootmiskompleksis Vasalemmas<\/li>\n<li><strong>Soome tarnitavate rendimajade omanikuj\u00e4relevalve<\/strong><br \/>Tehaselise ehitamise omanikuj\u00e4relevalve Akso Haus O\u00dc tootmiskompleksis Vasalemmas<\/li>\n<li><strong>Soome tarnitavate paarismajade omanikuj\u00e4relevalve<\/strong><br \/>Tehaselise ehitamise omanikuj\u00e4relevalve Akso Haus O\u00dc tootmiskompleksis Vasalemmas<\/li>\n<\/ol>\n<\/div><div id=\"tab-69db6ba5efccd-6\" ><ol>\n<li><strong>Tallinna Kesklinna P\u00f5hikooli ajutine s\u00f6\u00f6kla<\/strong><br \/>Omanikuj\u00e4relevalve teenuse osutamine<\/li>\n<li><strong>Schl\u00f6ssle hotell<\/strong><br \/>Ehitusprojekti juhtimise teenuse osutamine ehitustellija-konsultandina<\/li>\n<li><strong>Centennial Hotel Tallinn<\/strong><br \/>Ehitusprojekti juhtimise ja omanikuj\u00e4relevalve teenuse osutamine ehitustellija-konsultandina<\/li>\n<li><strong>Tallinna Kesklinna P\u00f5hikool<\/strong><br \/>Omanikuj\u00e4relevalve teenuse osutamine<\/li>\n<li><strong>Eesti Vabariigi saatkonnahoone Pekingis<\/strong><br \/>Tellija konsulteerimine ja ehituse omanikuj\u00e4relevalve teenuse osutamine<\/li>\n<li><strong>P\u00e4daste M\u00f5isa peahoone<\/strong><br \/>Ehitustehniline \u00fclevaatus ja tellija konsulteerimine<\/li>\n<li><strong>Meresuu SPA hotell Narva-J\u00f5esuus<\/strong><br \/>Ehituse peat\u00f6\u00f6v\u00f5tu pakkumusk\u00fcsitluse koostamine<\/li>\n<li><strong>Holiday City Tallinn<\/strong><br \/>Projekteerimise juhtimine ja j\u00e4relevalve ning ehitamise ettevalmistamine tellija esindajana<\/li>\n<\/ol>\n<\/div><div id=\"tab-69db6ba5efccd-7\" ><ol>\n<li><strong>DSV Transpordi AS parkla ehitus<\/strong><br \/>Ehitamise ettevalmistamine ja juhtimine tellija esindajana ning omanikuj\u00e4relevalve<\/li>\n<li><strong>Tuulikuvundamentide tehnilise seisukorra \u00fclevaatused Virtsus<\/strong><\/li>\n<li><strong>Ropka t\u00f6\u00f6stuspargi t\u00e4navad ja tehnov\u00f5rgud<\/strong><br \/>Projekteerimise ja ehitamise juhtimine<\/li>\n<li><strong>Sopsu-Tooma teed ja tehnov\u00f5rgud<\/strong><br \/>Ehitamise ettevalmistamine ja juhtimine tellija esindajana ning omanikuj\u00e4relevalve<\/li>\n<\/ol>\n<\/div><\/div>\t\t\t\t<\/div>\n\t\t\t\t<\/div>\n\t\t\t\t\t<\/div>\n\t\t<\/div>\n\t\t\t\t\t<\/div>\n\t\t<\/section>\n\t\t\t\t<\/div>\n\t\t","protected":false},"excerpt":{"rendered":"<p>References Commercial buildings Industrial and production buildings Office buildings Warehouse buildings Residential buildings Public buildings Infrastructure facilities B\u00fcroomaailma Kadaka tee m\u00fc\u00fcgiesindusProjekteerimise ettevalmistamine ja juhtimine (BIM). Ehitamise<span class=\"excerpt-hellip\"> [\u2026]<\/span><\/p>\n","protected":false},"author":1,"featured_media":0,"parent":0,"menu_order":0,"comment_status":"open","ping_status":"closed","template":"","meta":{"_monsterinsights_skip_tracking":false,"_monsterinsights_sitenote_active":false,"_monsterinsights_sitenote_note":"","_monsterinsights_sitenote_category":0,"footnotes":""},"class_list":["post-1033","page","type-page","status-publish","hentry"],"yoast_head":"<!-- This site is optimized with the Yoast SEO plugin v27.3 - https:\/\/yoast.com\/product\/yoast-seo-wordpress\/ -->\n<title>References - Conviso<\/title>\n<meta name=\"robots\" content=\"index, follow, max-snippet:-1, max-image-preview:large, max-video-preview:-1\" \/>\n<link rel=\"canonical\" href=\"https:\/\/conviso.ee\/referentsid\/\" \/>\n<meta property=\"og:locale\" content=\"en_US\" \/>\n<meta property=\"og:type\" content=\"article\" \/>\n<meta property=\"og:title\" content=\"References - Conviso\" \/>\n<meta property=\"og:description\" content=\"References Commercial buildings Industrial and production buildings Office buildings Warehouse buildings Residential buildings Public buildings Infrastructure facilities B\u00fcroomaailma Kadaka tee m\u00fc\u00fcgiesindusProjekteerimise ettevalmistamine ja juhtimine (BIM). Ehitamise [\u2026]\" \/>\n<meta property=\"og:url\" content=\"https:\/\/conviso.ee\/referentsid\/\" \/>\n<meta property=\"og:site_name\" content=\"Conviso\" \/>\n<meta property=\"article:modified_time\" content=\"2023-12-08T12:19:33+00:00\" \/>\n<meta name=\"twitter:card\" content=\"summary_large_image\" \/>\n<meta name=\"twitter:label1\" content=\"Est. reading time\" \/>\n\t<meta name=\"twitter:data1\" content=\"4 minutes\" \/>\n<script type=\"application\/ld+json\" class=\"yoast-schema-graph\">{\"@context\":\"https:\\\/\\\/schema.org\",\"@graph\":[{\"@type\":\"WebPage\",\"@id\":\"https:\\\/\\\/conviso.ee\\\/referentsid\\\/\",\"url\":\"https:\\\/\\\/conviso.ee\\\/referentsid\\\/\",\"name\":\"References - Conviso\",\"isPartOf\":{\"@id\":\"https:\\\/\\\/conviso.ee\\\/#website\"},\"datePublished\":\"2023-11-08T14:48:17+00:00\",\"dateModified\":\"2023-12-08T12:19:33+00:00\",\"breadcrumb\":{\"@id\":\"https:\\\/\\\/conviso.ee\\\/referentsid\\\/#breadcrumb\"},\"inLanguage\":\"en-US\",\"potentialAction\":[{\"@type\":\"ReadAction\",\"target\":[\"https:\\\/\\\/conviso.ee\\\/referentsid\\\/\"]}]},{\"@type\":\"BreadcrumbList\",\"@id\":\"https:\\\/\\\/conviso.ee\\\/referentsid\\\/#breadcrumb\",\"itemListElement\":[{\"@type\":\"ListItem\",\"position\":1,\"name\":\"Home\",\"item\":\"https:\\\/\\\/conviso.ee\\\/conviso\\\/\"},{\"@type\":\"ListItem\",\"position\":2,\"name\":\"References\"}]},{\"@type\":\"WebSite\",\"@id\":\"https:\\\/\\\/conviso.ee\\\/#website\",\"url\":\"https:\\\/\\\/conviso.ee\\\/\",\"name\":\"Conviso.ee\",\"description\":\"Omanikuj\u00e4relvalve ja ehituse projektijuhtimine\",\"publisher\":{\"@id\":\"https:\\\/\\\/conviso.ee\\\/#organization\"},\"potentialAction\":[{\"@type\":\"SearchAction\",\"target\":{\"@type\":\"EntryPoint\",\"urlTemplate\":\"https:\\\/\\\/conviso.ee\\\/?s={search_term_string}\"},\"query-input\":{\"@type\":\"PropertyValueSpecification\",\"valueRequired\":true,\"valueName\":\"search_term_string\"}}],\"inLanguage\":\"en-US\"},{\"@type\":\"Organization\",\"@id\":\"https:\\\/\\\/conviso.ee\\\/#organization\",\"name\":\"Conviso\",\"url\":\"https:\\\/\\\/conviso.ee\\\/\",\"logo\":{\"@type\":\"ImageObject\",\"inLanguage\":\"en-US\",\"@id\":\"https:\\\/\\\/conviso.ee\\\/#\\\/schema\\\/logo\\\/image\\\/\",\"url\":\"https:\\\/\\\/conviso.ee\\\/wp-content\\\/uploads\\\/2024\\\/01\\\/logo-removebg-preview.png\",\"contentUrl\":\"https:\\\/\\\/conviso.ee\\\/wp-content\\\/uploads\\\/2024\\\/01\\\/logo-removebg-preview.png\",\"width\":160,\"height\":50,\"caption\":\"Conviso\"},\"image\":{\"@id\":\"https:\\\/\\\/conviso.ee\\\/#\\\/schema\\\/logo\\\/image\\\/\"}}]}<\/script>\n<!-- \/ Yoast SEO plugin. -->","yoast_head_json":{"title":"References - Conviso","robots":{"index":"index","follow":"follow","max-snippet":"max-snippet:-1","max-image-preview":"max-image-preview:large","max-video-preview":"max-video-preview:-1"},"canonical":"https:\/\/conviso.ee\/referentsid\/","og_locale":"en_US","og_type":"article","og_title":"References - Conviso","og_description":"References Commercial buildings Industrial and production buildings Office buildings Warehouse buildings Residential buildings Public buildings Infrastructure facilities B\u00fcroomaailma Kadaka tee m\u00fc\u00fcgiesindusProjekteerimise ettevalmistamine ja juhtimine (BIM). Ehitamise [\u2026]","og_url":"https:\/\/conviso.ee\/referentsid\/","og_site_name":"Conviso","article_modified_time":"2023-12-08T12:19:33+00:00","twitter_card":"summary_large_image","twitter_misc":{"Est. reading time":"4 minutes"},"schema":{"@context":"https:\/\/schema.org","@graph":[{"@type":"WebPage","@id":"https:\/\/conviso.ee\/referentsid\/","url":"https:\/\/conviso.ee\/referentsid\/","name":"References - Conviso","isPartOf":{"@id":"https:\/\/conviso.ee\/#website"},"datePublished":"2023-11-08T14:48:17+00:00","dateModified":"2023-12-08T12:19:33+00:00","breadcrumb":{"@id":"https:\/\/conviso.ee\/referentsid\/#breadcrumb"},"inLanguage":"en-US","potentialAction":[{"@type":"ReadAction","target":["https:\/\/conviso.ee\/referentsid\/"]}]},{"@type":"BreadcrumbList","@id":"https:\/\/conviso.ee\/referentsid\/#breadcrumb","itemListElement":[{"@type":"ListItem","position":1,"name":"Home","item":"https:\/\/conviso.ee\/conviso\/"},{"@type":"ListItem","position":2,"name":"References"}]},{"@type":"WebSite","@id":"https:\/\/conviso.ee\/#website","url":"https:\/\/conviso.ee\/","name":"Conviso.ee","description":"Omanikuj\u00e4relvalve ja ehituse projektijuhtimine","publisher":{"@id":"https:\/\/conviso.ee\/#organization"},"potentialAction":[{"@type":"SearchAction","target":{"@type":"EntryPoint","urlTemplate":"https:\/\/conviso.ee\/?s={search_term_string}"},"query-input":{"@type":"PropertyValueSpecification","valueRequired":true,"valueName":"search_term_string"}}],"inLanguage":"en-US"},{"@type":"Organization","@id":"https:\/\/conviso.ee\/#organization","name":"Conviso","url":"https:\/\/conviso.ee\/","logo":{"@type":"ImageObject","inLanguage":"en-US","@id":"https:\/\/conviso.ee\/#\/schema\/logo\/image\/","url":"https:\/\/conviso.ee\/wp-content\/uploads\/2024\/01\/logo-removebg-preview.png","contentUrl":"https:\/\/conviso.ee\/wp-content\/uploads\/2024\/01\/logo-removebg-preview.png","width":160,"height":50,"caption":"Conviso"},"image":{"@id":"https:\/\/conviso.ee\/#\/schema\/logo\/image\/"}}]}},"_links":{"self":[{"href":"https:\/\/conviso.ee\/en\/wp-json\/wp\/v2\/pages\/1033","targetHints":{"allow":["GET"]}}],"collection":[{"href":"https:\/\/conviso.ee\/en\/wp-json\/wp\/v2\/pages"}],"about":[{"href":"https:\/\/conviso.ee\/en\/wp-json\/wp\/v2\/types\/page"}],"author":[{"embeddable":true,"href":"https:\/\/conviso.ee\/en\/wp-json\/wp\/v2\/users\/1"}],"replies":[{"embeddable":true,"href":"https:\/\/conviso.ee\/en\/wp-json\/wp\/v2\/comments?post=1033"}],"version-history":[{"count":10,"href":"https:\/\/conviso.ee\/en\/wp-json\/wp\/v2\/pages\/1033\/revisions"}],"predecessor-version":[{"id":1268,"href":"https:\/\/conviso.ee\/en\/wp-json\/wp\/v2\/pages\/1033\/revisions\/1268"}],"wp:attachment":[{"href":"https:\/\/conviso.ee\/en\/wp-json\/wp\/v2\/media?parent=1033"}],"curies":[{"name":"wp","href":"https:\/\/api.w.org\/{rel}","templated":true}]}}